{"id":14296,"date":"2024-04-05T13:32:22","date_gmt":"2024-04-05T13:32:22","guid":{"rendered":"https:\/\/euroni-ks.com\/?post_type=product&#038;p=14296"},"modified":"2024-05-17T13:16:34","modified_gmt":"2024-05-17T13:16:34","slug":"saltix-dishwasher-salt-900gr","status":"publish","type":"product","link":"https:\/\/euroni-ks.com\/sq\/produkt\/saltix-dishwasher-salt-900gr\/","title":{"rendered":"Saltix Krip\u00eb p\u00ebr En\u00eblar\u00ebse 900gr"},"content":{"rendered":"<p><span class=\"\">Prezantimi i krip\u00ebs son\u00eb premium t\u00eb lavastoviljes Saltix\u2122, e paketuar n\u00eb m\u00ebnyr\u00eb t\u00eb p\u00ebrshtatshme n\u00eb nj\u00eb kuti kartoni 900gr q\u00eb bie n\u00eb sy p\u00ebr leht\u00ebsin\u00eb e p\u00ebrdorimit.<\/span><\/p>\n<p><span class=\"\"> Kripa jon\u00eb e pjatalar\u00ebses \u00ebsht\u00eb krijuar posa\u00e7\u00ebrisht p\u00ebr t\u00eb ndihmuar n\u00eb ruajtjen e efikasitetit dhe jet\u00ebgjat\u00ebsis\u00eb s\u00eb makin\u00ebs lar\u00ebse en\u00ebsh, duke siguruar q\u00eb en\u00ebt tuaja t\u00eb dalin t\u00eb pastra me gaz \u00e7do her\u00eb.<\/span><\/p>\n<p><span class=\"\">E b\u00ebr\u00eb nga kripa e detit me cil\u00ebsi t\u00eb lart\u00eb, kripa jon\u00eb e en\u00eblar\u00ebses \u00ebsht\u00eb e past\u00ebr nga papast\u00ebrtit\u00eb dhe ndot\u00ebsit e tjer\u00eb q\u00eb mund t\u00eb d\u00ebmtojn\u00eb mekanizmat e pjatalar\u00ebses tuaj. Struktura e tij e holl\u00eb siguron q\u00eb ai t\u00eb tretet shpejt dhe plot\u00ebsisht, duke mos l\u00ebn\u00eb mbetje ose grumbullime n\u00eb lavastoviljen tuaj.<\/span><\/p>\n<p>&nbsp;<\/p>\n<p>Prodhuesi dhe Shitjet: Euroni Salt L.L.C<\/p>\n<p>PL: Optional<\/p>\n<p>For info &amp; distribution:\u00a0 <a href=\"mailto:sales@euroni-ks.com\">sales@euroni-ks.com\u00a0<\/a><\/p>","protected":false},"excerpt":{"rendered":"<p><span class=\"\">Prezantimi i krip\u00ebs son\u00eb premium t\u00eb lavastoviljes Saltix\u2122, e paketuar n\u00eb m\u00ebnyr\u00eb t\u00eb p\u00ebrshtatshme n\u00eb nj\u00eb kuti kartoni 900gr q\u00eb bie n\u00eb sy p\u00ebr leht\u00ebsin\u00eb e p\u00ebrdorimit.<\/span><\/p>\n<p><span class=\"\"> Kripa jon\u00eb e pjatalar\u00ebses \u00ebsht\u00eb krijuar posa\u00e7\u00ebrisht p\u00ebr t\u00eb ndihmuar n\u00eb ruajtjen e efikasitetit dhe jet\u00ebgjat\u00ebsis\u00eb s\u00eb makin\u00ebs lar\u00ebse en\u00ebsh, duke siguruar q\u00eb en\u00ebt tuaja t\u00eb dalin t\u00eb pastra me gaz \u00e7do her\u00eb.<\/span><\/p>\n<p><span class=\"\">E b\u00ebr\u00eb nga kripa e detit me cil\u00ebsi t\u00eb lart\u00eb, kripa jon\u00eb e en\u00eblar\u00ebses \u00ebsht\u00eb e past\u00ebr nga papast\u00ebrtit\u00eb dhe ndot\u00ebsit e tjer\u00eb q\u00eb mund t\u00eb d\u00ebmtojn\u00eb mekanizmat e pjatalar\u00ebses tuaj. Struktura e tij e holl\u00eb siguron q\u00eb ai t\u00eb tretet shpejt dhe plot\u00ebsisht, duke mos l\u00ebn\u00eb mbetje ose grumbullime n\u00eb lavastoviljen tuaj.<\/span><\/p>\n<p>&nbsp;<\/p>\n<p>Stili i paketimit: Ka 14 kuti kartoni t\u00eb vendosura n\u00eb nj\u00eb mb\u00ebshtjellje rreth kutis\u00eb. Ka 72 mb\u00ebshtjellje rreth kutive t\u00eb vendosura n\u00eb nj\u00eb palet\u00eb. Gjithsej jan\u00eb 1008 nj\u00ebsi individuale n\u00eb nj\u00eb palet\u00eb (72 x 14 = 1008).<\/p>\n<p>Prodhuesi dhe Shitjet: Euroni Salt L.L.C<\/p>\n<p>Kontak <a href=\"mailto:sales@euroni-ks.com\">sales@euroni-ks.com\u00a0<\/a><\/p>","protected":false},"featured_media":14313,"template":"","meta":{"inline_featured_image":false},"product_brand":[],"product_cat":[88],"product_tag":[],"class_list":{"0":"post-14296","1":"product","2":"type-product","3":"status-publish","4":"has-post-thumbnail","6":"product_cat-dishwasher-salt","8":"first","9":"instock","10":"shipping-taxable","11":"product-type-simple"},"yoast_head":"<!-- This site is optimized with the Yoast SEO plugin v27.4 - https:\/\/yoast.com\/product\/yoast-seo-wordpress\/ -->\n<title>Saltix\u2122 Dishwasher Salt 900gr - Euroni | Best Salt Factory in Kosov\u00eb<\/title>\n<meta name=\"robots\" content=\"index, follow, max-snippet:-1, max-image-preview:large, max-video-preview:-1\" \/>\n<link rel=\"canonical\" href=\"https:\/\/euroni-ks.com\/sq\/produkt\/saltix-dishwasher-salt-900gr\/\" \/>\n<meta property=\"og:locale\" content=\"sq_AL\" \/>\n<meta property=\"og:type\" content=\"article\" \/>\n<meta property=\"og:title\" content=\"Saltix\u2122 Dishwasher Salt 900gr - Euroni | Best Salt Factory in Kosov\u00eb\" \/>\n<meta property=\"og:description\" content=\"Introducing our premium Saltix\u2122 dishwasher salt, conveniently packaged in an eye-catching 900gr carton box for ease of use.   Our dishwasher salt is specifically designed to help maintain the efficiency and longevity of your dishwasher, ensuring that your dishes come out sparkling clean every time.  Made from high-quality sea salt, our dishwasher salt is free from impurities and other contaminants that can harm your dishwasher&#039;s mechanisms. Its fine texture ensures that it dissolves quickly and completely, leaving no residue or buildup in your dishwasher.  &nbsp;  Packaging style: There are 14 carton boxes put in a wrap around box. There are 72 wrap around boxes put on a pallet. There are 1008 total individual units in a pallet ( 72 x 14 = 1008).  Manufacturer &amp; Sales: Euroni Salt L.L.C  Contact: sales@euroni-ks.com\u00a0\" \/>\n<meta property=\"og:url\" content=\"https:\/\/euroni-ks.com\/sq\/produkt\/saltix-dishwasher-salt-900gr\/\" \/>\n<meta property=\"og:site_name\" content=\"Euroni | Best Salt Factory in Kosov\u00eb\" \/>\n<meta property=\"article:publisher\" content=\"https:\/\/www.facebook.com\/EuroniSaltFactory\/menu\/\" \/>\n<meta property=\"article:modified_time\" content=\"2024-05-17T13:16:34+00:00\" \/>\n<meta property=\"og:image\" content=\"https:\/\/euroni-ks.com\/wp-content\/uploads\/2024\/04\/Saltix-Transparent.png\" \/>\n\t<meta property=\"og:image:width\" content=\"1000\" \/>\n\t<meta property=\"og:image:height\" content=\"1000\" \/>\n\t<meta property=\"og:image:type\" content=\"image\/png\" \/>\n<meta name=\"twitter:card\" content=\"summary_large_image\" \/>\n<meta name=\"twitter:label1\" content=\"Est. reading time\" \/>\n\t<meta name=\"twitter:data1\" content=\"1 minut\u00eb\" \/>\n<script type=\"application\/ld+json\" class=\"yoast-schema-graph\">{\"@context\":\"https:\\\/\\\/schema.org\",\"@graph\":[{\"@type\":\"WebPage\",\"@id\":\"https:\\\/\\\/euroni-ks.com\\\/product\\\/saltix-dishwasher-salt-900gr\\\/\",\"url\":\"https:\\\/\\\/euroni-ks.com\\\/product\\\/saltix-dishwasher-salt-900gr\\\/\",\"name\":\"Saltix\u2122 Dishwasher Salt 900gr - Euroni | Best Salt Factory in Kosov\u00eb\",\"isPartOf\":{\"@id\":\"https:\\\/\\\/euroni-ks.com\\\/#website\"},\"primaryImageOfPage\":{\"@id\":\"https:\\\/\\\/euroni-ks.com\\\/product\\\/saltix-dishwasher-salt-900gr\\\/#primaryimage\"},\"image\":{\"@id\":\"https:\\\/\\\/euroni-ks.com\\\/product\\\/saltix-dishwasher-salt-900gr\\\/#primaryimage\"},\"thumbnailUrl\":\"https:\\\/\\\/euroni-ks.com\\\/wp-content\\\/uploads\\\/2024\\\/04\\\/Saltix-Transparent.png\",\"datePublished\":\"2024-04-05T13:32:22+00:00\",\"dateModified\":\"2024-05-17T13:16:34+00:00\",\"breadcrumb\":{\"@id\":\"https:\\\/\\\/euroni-ks.com\\\/product\\\/saltix-dishwasher-salt-900gr\\\/#breadcrumb\"},\"inLanguage\":\"sq\",\"potentialAction\":[{\"@type\":\"ReadAction\",\"target\":[\"https:\\\/\\\/euroni-ks.com\\\/product\\\/saltix-dishwasher-salt-900gr\\\/\"]}]},{\"@type\":\"ImageObject\",\"inLanguage\":\"sq\",\"@id\":\"https:\\\/\\\/euroni-ks.com\\\/product\\\/saltix-dishwasher-salt-900gr\\\/#primaryimage\",\"url\":\"https:\\\/\\\/euroni-ks.com\\\/wp-content\\\/uploads\\\/2024\\\/04\\\/Saltix-Transparent.png\",\"contentUrl\":\"https:\\\/\\\/euroni-ks.com\\\/wp-content\\\/uploads\\\/2024\\\/04\\\/Saltix-Transparent.png\",\"width\":1000,\"height\":1000},{\"@type\":\"BreadcrumbList\",\"@id\":\"https:\\\/\\\/euroni-ks.com\\\/product\\\/saltix-dishwasher-salt-900gr\\\/#breadcrumb\",\"itemListElement\":[{\"@type\":\"ListItem\",\"position\":1,\"name\":\"Home\",\"item\":\"https:\\\/\\\/euroni-ks.com\\\/\"},{\"@type\":\"ListItem\",\"position\":2,\"name\":\"Products\",\"item\":\"https:\\\/\\\/euroni-ks.com\\\/shop\\\/\"},{\"@type\":\"ListItem\",\"position\":3,\"name\":\"Saltix\u2122 Dishwasher Salt 900gr\"}]},{\"@type\":\"WebSite\",\"@id\":\"https:\\\/\\\/euroni-ks.com\\\/#website\",\"url\":\"https:\\\/\\\/euroni-ks.com\\\/\",\"name\":\"Euroni | Best Salt Factory in Kosov\u00eb\",\"description\":\"Euroni: Pure Salt, Crafted with Excellence in the Heart of Kosov\u00eb\",\"publisher\":{\"@id\":\"https:\\\/\\\/euroni-ks.com\\\/#organization\"},\"potentialAction\":[{\"@type\":\"SearchAction\",\"target\":{\"@type\":\"EntryPoint\",\"urlTemplate\":\"https:\\\/\\\/euroni-ks.com\\\/?s={search_term_string}\"},\"query-input\":{\"@type\":\"PropertyValueSpecification\",\"valueRequired\":true,\"valueName\":\"search_term_string\"}}],\"inLanguage\":\"sq\"},{\"@type\":\"Organization\",\"@id\":\"https:\\\/\\\/euroni-ks.com\\\/#organization\",\"name\":\"Euroni | Best Salt Factory in Kosov\u00eb\",\"url\":\"https:\\\/\\\/euroni-ks.com\\\/\",\"logo\":{\"@type\":\"ImageObject\",\"inLanguage\":\"sq\",\"@id\":\"https:\\\/\\\/euroni-ks.com\\\/#\\\/schema\\\/logo\\\/image\\\/\",\"url\":\"https:\\\/\\\/euroni-ks.com\\\/wp-content\\\/uploads\\\/2023\\\/04\\\/euroni_logo.png\",\"contentUrl\":\"https:\\\/\\\/euroni-ks.com\\\/wp-content\\\/uploads\\\/2023\\\/04\\\/euroni_logo.png\",\"width\":302,\"height\":100,\"caption\":\"Euroni | Best Salt Factory in Kosov\u00eb\"},\"image\":{\"@id\":\"https:\\\/\\\/euroni-ks.com\\\/#\\\/schema\\\/logo\\\/image\\\/\"},\"sameAs\":[\"https:\\\/\\\/www.facebook.com\\\/EuroniSaltFactory\\\/menu\\\/\"]}]}<\/script>\n<!-- \/ Yoast SEO plugin. -->","yoast_head_json":{"title":"Saltix\u2122 Dishwasher Salt 900gr - Euroni | Best Salt Factory in Kosov\u00eb","robots":{"index":"index","follow":"follow","max-snippet":"max-snippet:-1","max-image-preview":"max-image-preview:large","max-video-preview":"max-video-preview:-1"},"canonical":"https:\/\/euroni-ks.com\/sq\/produkt\/saltix-dishwasher-salt-900gr\/","og_locale":"sq_AL","og_type":"article","og_title":"Saltix\u2122 Dishwasher Salt 900gr - Euroni | Best Salt Factory in Kosov\u00eb","og_description":"Introducing our premium Saltix\u2122 dishwasher salt, conveniently packaged in an eye-catching 900gr carton box for ease of use.   Our dishwasher salt is specifically designed to help maintain the efficiency and longevity of your dishwasher, ensuring that your dishes come out sparkling clean every time.  Made from high-quality sea salt, our dishwasher salt is free from impurities and other contaminants that can harm your dishwasher's mechanisms. Its fine texture ensures that it dissolves quickly and completely, leaving no residue or buildup in your dishwasher.  &nbsp;  Packaging style: There are 14 carton boxes put in a wrap around box. There are 72 wrap around boxes put on a pallet. There are 1008 total individual units in a pallet ( 72 x 14 = 1008).  Manufacturer &amp; Sales: Euroni Salt L.L.C  Contact: sales@euroni-ks.com\u00a0","og_url":"https:\/\/euroni-ks.com\/sq\/produkt\/saltix-dishwasher-salt-900gr\/","og_site_name":"Euroni | Best Salt Factory in Kosov\u00eb","article_publisher":"https:\/\/www.facebook.com\/EuroniSaltFactory\/menu\/","article_modified_time":"2024-05-17T13:16:34+00:00","og_image":[{"width":1000,"height":1000,"url":"https:\/\/euroni-ks.com\/wp-content\/uploads\/2024\/04\/Saltix-Transparent.png","type":"image\/png"}],"twitter_card":"summary_large_image","twitter_misc":{"Est. reading time":"1 minut\u00eb"},"schema":{"@context":"https:\/\/schema.org","@graph":[{"@type":"WebPage","@id":"https:\/\/euroni-ks.com\/product\/saltix-dishwasher-salt-900gr\/","url":"https:\/\/euroni-ks.com\/product\/saltix-dishwasher-salt-900gr\/","name":"Saltix\u2122 Dishwasher Salt 900gr - Euroni | Best Salt Factory in Kosov\u00eb","isPartOf":{"@id":"https:\/\/euroni-ks.com\/#website"},"primaryImageOfPage":{"@id":"https:\/\/euroni-ks.com\/product\/saltix-dishwasher-salt-900gr\/#primaryimage"},"image":{"@id":"https:\/\/euroni-ks.com\/product\/saltix-dishwasher-salt-900gr\/#primaryimage"},"thumbnailUrl":"https:\/\/euroni-ks.com\/wp-content\/uploads\/2024\/04\/Saltix-Transparent.png","datePublished":"2024-04-05T13:32:22+00:00","dateModified":"2024-05-17T13:16:34+00:00","breadcrumb":{"@id":"https:\/\/euroni-ks.com\/product\/saltix-dishwasher-salt-900gr\/#breadcrumb"},"inLanguage":"sq","potentialAction":[{"@type":"ReadAction","target":["https:\/\/euroni-ks.com\/product\/saltix-dishwasher-salt-900gr\/"]}]},{"@type":"ImageObject","inLanguage":"sq","@id":"https:\/\/euroni-ks.com\/product\/saltix-dishwasher-salt-900gr\/#primaryimage","url":"https:\/\/euroni-ks.com\/wp-content\/uploads\/2024\/04\/Saltix-Transparent.png","contentUrl":"https:\/\/euroni-ks.com\/wp-content\/uploads\/2024\/04\/Saltix-Transparent.png","width":1000,"height":1000},{"@type":"BreadcrumbList","@id":"https:\/\/euroni-ks.com\/product\/saltix-dishwasher-salt-900gr\/#breadcrumb","itemListElement":[{"@type":"ListItem","position":1,"name":"Home","item":"https:\/\/euroni-ks.com\/"},{"@type":"ListItem","position":2,"name":"Products","item":"https:\/\/euroni-ks.com\/shop\/"},{"@type":"ListItem","position":3,"name":"Saltix\u2122 Dishwasher Salt 900gr"}]},{"@type":"WebSite","@id":"https:\/\/euroni-ks.com\/#website","url":"https:\/\/euroni-ks.com\/","name":"Shkoni n\u00eb Euroni | Fabrika m\u00eb e mir\u00eb e krip\u00ebs n\u00eb Kosov\u00eb.","description":"Euroni: Pure Salt, Crafted with Excellence in the Heart of Kosov\u00eb","publisher":{"@id":"https:\/\/euroni-ks.com\/#organization"},"potentialAction":[{"@type":"SearchAction","target":{"@type":"EntryPoint","urlTemplate":"https:\/\/euroni-ks.com\/?s={search_term_string}"},"query-input":{"@type":"PropertyValueSpecification","valueRequired":true,"valueName":"search_term_string"}}],"inLanguage":"sq"},{"@type":"Organization","@id":"https:\/\/euroni-ks.com\/#organization","name":"Shkoni n\u00eb Euroni | Fabrika m\u00eb e mir\u00eb e krip\u00ebs n\u00eb Kosov\u00eb.","url":"https:\/\/euroni-ks.com\/","logo":{"@type":"ImageObject","inLanguage":"sq","@id":"https:\/\/euroni-ks.com\/#\/schema\/logo\/image\/","url":"https:\/\/euroni-ks.com\/wp-content\/uploads\/2023\/04\/euroni_logo.png","contentUrl":"https:\/\/euroni-ks.com\/wp-content\/uploads\/2023\/04\/euroni_logo.png","width":302,"height":100,"caption":"Euroni | Best Salt Factory in Kosov\u00eb"},"image":{"@id":"https:\/\/euroni-ks.com\/#\/schema\/logo\/image\/"},"sameAs":["https:\/\/www.facebook.com\/EuroniSaltFactory\/menu\/"]}]}},"_links":{"self":[{"href":"https:\/\/euroni-ks.com\/sq\/wp-json\/wp\/v2\/product\/14296","targetHints":{"allow":["GET"]}}],"collection":[{"href":"https:\/\/euroni-ks.com\/sq\/wp-json\/wp\/v2\/product"}],"about":[{"href":"https:\/\/euroni-ks.com\/sq\/wp-json\/wp\/v2\/types\/product"}],"wp:featuredmedia":[{"embeddable":true,"href":"https:\/\/euroni-ks.com\/sq\/wp-json\/wp\/v2\/media\/14313"}],"wp:attachment":[{"href":"https:\/\/euroni-ks.com\/sq\/wp-json\/wp\/v2\/media?parent=14296"}],"wp:term":[{"taxonomy":"product_brand","embeddable":true,"href":"https:\/\/euroni-ks.com\/sq\/wp-json\/wp\/v2\/product_brand?post=14296"},{"taxonomy":"product_cat","embeddable":true,"href":"https:\/\/euroni-ks.com\/sq\/wp-json\/wp\/v2\/product_cat?post=14296"},{"taxonomy":"product_tag","embeddable":true,"href":"https:\/\/euroni-ks.com\/sq\/wp-json\/wp\/v2\/product_tag?post=14296"}],"curies":[{"name":"wp","href":"https:\/\/api.w.org\/{rel}","templated":true}]}}