{"id":14281,"date":"2024-04-05T09:03:30","date_gmt":"2024-04-05T09:03:30","guid":{"rendered":"https:\/\/euroni-ks.com\/?post_type=product&#038;p=14281"},"modified":"2024-04-29T09:34:22","modified_gmt":"2024-04-29T09:34:22","slug":"fine-sea-salt-euroni","status":"publish","type":"product","link":"https:\/\/euroni-ks.com\/sq\/produkt\/fine-sea-salt-euroni\/","title":{"rendered":"Krip\u00eb e trash\u00eb e detit Euroni\u2122 (n\u00eb qese plastike)"},"content":{"rendered":"<p>Krip\u00eb e im\u00ebt e detit Euroni\u2122 n\u00eb <strong>Paketim i rifreskuar!<\/strong><\/p>\n<p><span class=\"\">Prezantimi yn\u00eb premium i krip\u00ebs s\u00eb detit t\u00eb im\u00ebt, me burim dhe paketim t\u00eb p\u00ebrpikt\u00eb p\u00ebr t\u00eb ngritur p\u00ebrvoj\u00ebn tuaj t\u00eb kuzhin\u00ebs. E disponueshme n\u00eb qese plastike transparente 4 kg, 5 kg, 10 kg ose 25 kg, kripa jon\u00eb e detit dallohet p\u00ebr cil\u00ebsin\u00eb dhe past\u00ebrtin\u00eb e saj t\u00eb jasht\u00ebzakonshme.<\/span><\/p>\n<h2 class=\"text-lg mt-6 mb-2 first:mt-3\">Karakteristikat kryesore:<\/h2>\n<ul class=\"list-outside list-disc pl-8\">\n<li><span class=\"\"><strong>Past\u00ebrti e lart\u00eb:<\/strong><\/span><span class=\"\">\u00a0Me nj\u00eb gam\u00eb prej 99,5% \u2013 99,8% NaCl, kripa jon\u00eb e detit garanton cil\u00ebsi t\u00eb pashoqe p\u00ebr pjatat tuaja.<\/span><\/li>\n<li><span class=\"\"><strong>P\u00ebrmbajtja e ul\u00ebt e lag\u00ebshtis\u00eb:<\/strong><\/span><span class=\"\">\u00a0Sigurimi i p\u00ebrmir\u00ebsimit optimal t\u00eb struktur\u00ebs dhe shijes n\u00eb recetat tuaja.<\/span><\/li>\n<li><span class=\"\"><strong>Papast\u00ebrtit\u00eb minimale:<\/strong><\/span><span class=\"\">\u00a0Crafted to perfection with minimal impurities, our sea salt promises a clean and pure taste.<\/span><\/li>\n<li><span class=\"\"><strong>Madh\u00ebsia e grurit: <\/strong>0.2mm-0.9mm<\/span><\/li>\n<\/ul>\n<p>&nbsp;<\/p>\n<p>Prodhuesi dhe Shitjet: Euroni Salt L.L.C<\/p>\n<p>PL: Optional<\/p>\n<p>Kontak <a href=\"mailto:sales@euroni-ks.com\">sales@euroni-ks.com<\/a><\/p>","protected":false},"excerpt":{"rendered":"<h2 class=\"text-lg mt-6 mb-2 first:mt-3\">Krip\u00eb e im\u00ebt e detit Euroni\u2122 n\u00eb <strong>Paketim i rifreskuar!<\/strong><\/h2>\n<p><span class=\"\">Prezantimi yn\u00eb premium i krip\u00ebs s\u00eb detit t\u00eb im\u00ebt, me burim dhe paketim t\u00eb p\u00ebrpikt\u00eb p\u00ebr t\u00eb ngritur p\u00ebrvoj\u00ebn tuaj t\u00eb kuzhin\u00ebs. E disponueshme n\u00eb qese plastike transparente 4 kg, 5 kg, 10 kg ose 25 kg, kripa jon\u00eb e detit dallohet p\u00ebr cil\u00ebsin\u00eb dhe past\u00ebrtin\u00eb e saj t\u00eb jasht\u00ebzakonshme.<\/span><\/p>\n<h2 class=\"text-lg mt-6 mb-2 first:mt-3\">Karakteristikat kryesore:<\/h2>\n<ul class=\"list-outside list-disc pl-8\">\n<li><span class=\"\"><strong>Past\u00ebrti e lart\u00eb:<\/strong><\/span><span class=\"\">\u00a0Me nj\u00eb gam\u00eb prej 99,5% \u2013 99,8% NaCl, kripa jon\u00eb e detit garanton cil\u00ebsi t\u00eb pashoqe p\u00ebr pjatat tuaja.<\/span><\/li>\n<li><span class=\"\"><strong>P\u00ebrmbajtja e ul\u00ebt e lag\u00ebshtis\u00eb:<\/strong><\/span><span class=\"\">\u00a0Sigurimi i p\u00ebrmir\u00ebsimit optimal t\u00eb struktur\u00ebs dhe shijes n\u00eb recetat tuaja.<\/span><\/li>\n<li><span class=\"\"><strong>Papast\u00ebrtit\u00eb minimale:<\/strong><\/span><span class=\"\">\u00a0Crafted to perfection with minimal impurities, our sea salt promises a clean and pure taste.<\/span><\/li>\n<li><span class=\"\"><strong>Madh\u00ebsia e grurit: <\/strong>0.2mm-0.9mm<\/span><\/li>\n<\/ul>\n<p>&nbsp;<\/p>\n<p>Prodhuesi dhe Shitjet: Euroni Salt L.L.C<\/p>\n<p>Kontak <a href=\"mailto:sales@euroni-ks.com\">sales@euroni-ks.com<\/a><\/p>","protected":false},"featured_media":14282,"template":"","meta":{"inline_featured_image":false},"product_brand":[],"product_cat":[78],"product_tag":[],"class_list":{"0":"post-14281","1":"product","2":"type-product","3":"status-publish","4":"has-post-thumbnail","6":"product_cat-sea-salt","8":"first","9":"instock","10":"shipping-taxable","11":"product-type-simple"},"yoast_head":"<!-- This site is optimized with the Yoast SEO plugin v27.3 - https:\/\/yoast.com\/product\/yoast-seo-wordpress\/ -->\n<title>(3) Fine Sea Salt Euroni\u2122 (in Plastic Bags) - Euroni | Best Salt Factory in Kosov\u00eb<\/title>\n<meta name=\"robots\" content=\"index, follow, max-snippet:-1, max-image-preview:large, max-video-preview:-1\" \/>\n<link rel=\"canonical\" href=\"https:\/\/euroni-ks.com\/sq\/produkt\/fine-sea-salt-euroni\/\" \/>\n<meta property=\"og:locale\" content=\"sq_AL\" \/>\n<meta property=\"og:type\" content=\"article\" \/>\n<meta property=\"og:title\" content=\"(3) Fine Sea Salt Euroni\u2122 (in Plastic Bags) - Euroni | Best Salt Factory in Kosov\u00eb\" \/>\n<meta property=\"og:description\" content=\"Fine Sea Salt Euroni\u2122 in Refreshed Packaging! Introducing our premium Fine Sea Salt, meticulously sourced and packaged to elevate your culinary experience. Available in 4kg, 5kg, 10kg, or 25kg transparent plastic bags, our sea salt stands out for its exceptional quality and purity. Key Features:   High Purity:\u00a0With a range of 99.5% - 99.8% NaCl, our sea salt guarantees unparalleled quality for your dishes.  Low Moisture Content:\u00a0Ensuring optimal texture and flavor enhancement in your recipes.  Minimal Impurities:\u00a0Crafted to perfection with minimal impurities, our sea salt promises a clean and pure taste.  Grain Size: 0.2mm-0.9mm  &nbsp;  Manufacturer &amp; Sales: Euroni Salt L.L.C  Contact: sales@euroni-ks.com\" \/>\n<meta property=\"og:url\" content=\"https:\/\/euroni-ks.com\/sq\/produkt\/fine-sea-salt-euroni\/\" \/>\n<meta property=\"og:site_name\" content=\"Euroni | Best Salt Factory in Kosov\u00eb\" \/>\n<meta property=\"article:publisher\" content=\"https:\/\/www.facebook.com\/EuroniSaltFactory\/menu\/\" \/>\n<meta property=\"article:modified_time\" content=\"2024-04-29T09:34:22+00:00\" \/>\n<meta property=\"og:image\" content=\"https:\/\/euroni-ks.com\/wp-content\/uploads\/2024\/04\/Kripe-deti-e-imet-25kg.png\" \/>\n\t<meta property=\"og:image:width\" content=\"1000\" \/>\n\t<meta property=\"og:image:height\" content=\"1000\" \/>\n\t<meta property=\"og:image:type\" content=\"image\/png\" \/>\n<meta name=\"twitter:card\" content=\"summary_large_image\" \/>\n<meta name=\"twitter:label1\" content=\"Est. reading time\" \/>\n\t<meta name=\"twitter:data1\" content=\"1 minut\u00eb\" \/>\n<script type=\"application\/ld+json\" class=\"yoast-schema-graph\">{\"@context\":\"https:\\\/\\\/schema.org\",\"@graph\":[{\"@type\":\"WebPage\",\"@id\":\"https:\\\/\\\/euroni-ks.com\\\/product\\\/fine-sea-salt-euroni\\\/\",\"url\":\"https:\\\/\\\/euroni-ks.com\\\/product\\\/fine-sea-salt-euroni\\\/\",\"name\":\"(3) Fine Sea Salt Euroni\u2122 (in Plastic Bags) - Euroni | Best Salt Factory in Kosov\u00eb\",\"isPartOf\":{\"@id\":\"https:\\\/\\\/euroni-ks.com\\\/#website\"},\"primaryImageOfPage\":{\"@id\":\"https:\\\/\\\/euroni-ks.com\\\/product\\\/fine-sea-salt-euroni\\\/#primaryimage\"},\"image\":{\"@id\":\"https:\\\/\\\/euroni-ks.com\\\/product\\\/fine-sea-salt-euroni\\\/#primaryimage\"},\"thumbnailUrl\":\"https:\\\/\\\/euroni-ks.com\\\/wp-content\\\/uploads\\\/2024\\\/04\\\/Kripe-deti-e-imet-25kg.png\",\"datePublished\":\"2024-04-05T09:03:30+00:00\",\"dateModified\":\"2024-04-29T09:34:22+00:00\",\"breadcrumb\":{\"@id\":\"https:\\\/\\\/euroni-ks.com\\\/product\\\/fine-sea-salt-euroni\\\/#breadcrumb\"},\"inLanguage\":\"sq\",\"potentialAction\":[{\"@type\":\"ReadAction\",\"target\":[\"https:\\\/\\\/euroni-ks.com\\\/product\\\/fine-sea-salt-euroni\\\/\"]}]},{\"@type\":\"ImageObject\",\"inLanguage\":\"sq\",\"@id\":\"https:\\\/\\\/euroni-ks.com\\\/product\\\/fine-sea-salt-euroni\\\/#primaryimage\",\"url\":\"https:\\\/\\\/euroni-ks.com\\\/wp-content\\\/uploads\\\/2024\\\/04\\\/Kripe-deti-e-imet-25kg.png\",\"contentUrl\":\"https:\\\/\\\/euroni-ks.com\\\/wp-content\\\/uploads\\\/2024\\\/04\\\/Kripe-deti-e-imet-25kg.png\",\"width\":1000,\"height\":1000},{\"@type\":\"BreadcrumbList\",\"@id\":\"https:\\\/\\\/euroni-ks.com\\\/product\\\/fine-sea-salt-euroni\\\/#breadcrumb\",\"itemListElement\":[{\"@type\":\"ListItem\",\"position\":1,\"name\":\"Home\",\"item\":\"https:\\\/\\\/euroni-ks.com\\\/\"},{\"@type\":\"ListItem\",\"position\":2,\"name\":\"Products\",\"item\":\"https:\\\/\\\/euroni-ks.com\\\/shop\\\/\"},{\"@type\":\"ListItem\",\"position\":3,\"name\":\"(3) Fine Sea Salt Euroni\u2122 (in Plastic Bags)\"}]},{\"@type\":\"WebSite\",\"@id\":\"https:\\\/\\\/euroni-ks.com\\\/#website\",\"url\":\"https:\\\/\\\/euroni-ks.com\\\/\",\"name\":\"Euroni | Best Salt Factory in Kosov\u00eb\",\"description\":\"Euroni: Pure Salt, Crafted with Excellence in the Heart of Kosov\u00eb\",\"publisher\":{\"@id\":\"https:\\\/\\\/euroni-ks.com\\\/#organization\"},\"potentialAction\":[{\"@type\":\"SearchAction\",\"target\":{\"@type\":\"EntryPoint\",\"urlTemplate\":\"https:\\\/\\\/euroni-ks.com\\\/?s={search_term_string}\"},\"query-input\":{\"@type\":\"PropertyValueSpecification\",\"valueRequired\":true,\"valueName\":\"search_term_string\"}}],\"inLanguage\":\"sq\"},{\"@type\":\"Organization\",\"@id\":\"https:\\\/\\\/euroni-ks.com\\\/#organization\",\"name\":\"Euroni | Best Salt Factory in Kosov\u00eb\",\"url\":\"https:\\\/\\\/euroni-ks.com\\\/\",\"logo\":{\"@type\":\"ImageObject\",\"inLanguage\":\"sq\",\"@id\":\"https:\\\/\\\/euroni-ks.com\\\/#\\\/schema\\\/logo\\\/image\\\/\",\"url\":\"https:\\\/\\\/euroni-ks.com\\\/wp-content\\\/uploads\\\/2023\\\/04\\\/euroni_logo.png\",\"contentUrl\":\"https:\\\/\\\/euroni-ks.com\\\/wp-content\\\/uploads\\\/2023\\\/04\\\/euroni_logo.png\",\"width\":302,\"height\":100,\"caption\":\"Euroni | Best Salt Factory in Kosov\u00eb\"},\"image\":{\"@id\":\"https:\\\/\\\/euroni-ks.com\\\/#\\\/schema\\\/logo\\\/image\\\/\"},\"sameAs\":[\"https:\\\/\\\/www.facebook.com\\\/EuroniSaltFactory\\\/menu\\\/\"]}]}<\/script>\n<!-- \/ Yoast SEO plugin. -->","yoast_head_json":{"title":"(3) Fine Sea Salt Euroni\u2122 (in Plastic Bags) - Euroni | Best Salt Factory in Kosov\u00eb","robots":{"index":"index","follow":"follow","max-snippet":"max-snippet:-1","max-image-preview":"max-image-preview:large","max-video-preview":"max-video-preview:-1"},"canonical":"https:\/\/euroni-ks.com\/sq\/produkt\/fine-sea-salt-euroni\/","og_locale":"sq_AL","og_type":"article","og_title":"(3) Fine Sea Salt Euroni\u2122 (in Plastic Bags) - Euroni | Best Salt Factory in Kosov\u00eb","og_description":"Fine Sea Salt Euroni\u2122 in Refreshed Packaging! Introducing our premium Fine Sea Salt, meticulously sourced and packaged to elevate your culinary experience. Available in 4kg, 5kg, 10kg, or 25kg transparent plastic bags, our sea salt stands out for its exceptional quality and purity. Key Features:   High Purity:\u00a0With a range of 99.5% - 99.8% NaCl, our sea salt guarantees unparalleled quality for your dishes.  Low Moisture Content:\u00a0Ensuring optimal texture and flavor enhancement in your recipes.  Minimal Impurities:\u00a0Crafted to perfection with minimal impurities, our sea salt promises a clean and pure taste.  Grain Size: 0.2mm-0.9mm  &nbsp;  Manufacturer &amp; Sales: Euroni Salt L.L.C  Contact: sales@euroni-ks.com","og_url":"https:\/\/euroni-ks.com\/sq\/produkt\/fine-sea-salt-euroni\/","og_site_name":"Euroni | Best Salt Factory in Kosov\u00eb","article_publisher":"https:\/\/www.facebook.com\/EuroniSaltFactory\/menu\/","article_modified_time":"2024-04-29T09:34:22+00:00","og_image":[{"width":1000,"height":1000,"url":"https:\/\/euroni-ks.com\/wp-content\/uploads\/2024\/04\/Kripe-deti-e-imet-25kg.png","type":"image\/png"}],"twitter_card":"summary_large_image","twitter_misc":{"Est. reading time":"1 minut\u00eb"},"schema":{"@context":"https:\/\/schema.org","@graph":[{"@type":"WebPage","@id":"https:\/\/euroni-ks.com\/product\/fine-sea-salt-euroni\/","url":"https:\/\/euroni-ks.com\/product\/fine-sea-salt-euroni\/","name":"(3) Fine Sea Salt Euroni\u2122 (in Plastic Bags) - Euroni | Best Salt Factory in Kosov\u00eb","isPartOf":{"@id":"https:\/\/euroni-ks.com\/#website"},"primaryImageOfPage":{"@id":"https:\/\/euroni-ks.com\/product\/fine-sea-salt-euroni\/#primaryimage"},"image":{"@id":"https:\/\/euroni-ks.com\/product\/fine-sea-salt-euroni\/#primaryimage"},"thumbnailUrl":"https:\/\/euroni-ks.com\/wp-content\/uploads\/2024\/04\/Kripe-deti-e-imet-25kg.png","datePublished":"2024-04-05T09:03:30+00:00","dateModified":"2024-04-29T09:34:22+00:00","breadcrumb":{"@id":"https:\/\/euroni-ks.com\/product\/fine-sea-salt-euroni\/#breadcrumb"},"inLanguage":"sq","potentialAction":[{"@type":"ReadAction","target":["https:\/\/euroni-ks.com\/product\/fine-sea-salt-euroni\/"]}]},{"@type":"ImageObject","inLanguage":"sq","@id":"https:\/\/euroni-ks.com\/product\/fine-sea-salt-euroni\/#primaryimage","url":"https:\/\/euroni-ks.com\/wp-content\/uploads\/2024\/04\/Kripe-deti-e-imet-25kg.png","contentUrl":"https:\/\/euroni-ks.com\/wp-content\/uploads\/2024\/04\/Kripe-deti-e-imet-25kg.png","width":1000,"height":1000},{"@type":"BreadcrumbList","@id":"https:\/\/euroni-ks.com\/product\/fine-sea-salt-euroni\/#breadcrumb","itemListElement":[{"@type":"ListItem","position":1,"name":"Home","item":"https:\/\/euroni-ks.com\/"},{"@type":"ListItem","position":2,"name":"Products","item":"https:\/\/euroni-ks.com\/shop\/"},{"@type":"ListItem","position":3,"name":"(3) Fine Sea Salt Euroni\u2122 (in Plastic Bags)"}]},{"@type":"WebSite","@id":"https:\/\/euroni-ks.com\/#website","url":"https:\/\/euroni-ks.com\/","name":"Shkoni n\u00eb Euroni | Fabrika m\u00eb e mir\u00eb e krip\u00ebs n\u00eb Kosov\u00eb.","description":"Euroni: Pure Salt, Crafted with Excellence in the Heart of Kosov\u00eb","publisher":{"@id":"https:\/\/euroni-ks.com\/#organization"},"potentialAction":[{"@type":"SearchAction","target":{"@type":"EntryPoint","urlTemplate":"https:\/\/euroni-ks.com\/?s={search_term_string}"},"query-input":{"@type":"PropertyValueSpecification","valueRequired":true,"valueName":"search_term_string"}}],"inLanguage":"sq"},{"@type":"Organization","@id":"https:\/\/euroni-ks.com\/#organization","name":"Shkoni n\u00eb Euroni | Fabrika m\u00eb e mir\u00eb e krip\u00ebs n\u00eb Kosov\u00eb.","url":"https:\/\/euroni-ks.com\/","logo":{"@type":"ImageObject","inLanguage":"sq","@id":"https:\/\/euroni-ks.com\/#\/schema\/logo\/image\/","url":"https:\/\/euroni-ks.com\/wp-content\/uploads\/2023\/04\/euroni_logo.png","contentUrl":"https:\/\/euroni-ks.com\/wp-content\/uploads\/2023\/04\/euroni_logo.png","width":302,"height":100,"caption":"Euroni | Best Salt Factory in Kosov\u00eb"},"image":{"@id":"https:\/\/euroni-ks.com\/#\/schema\/logo\/image\/"},"sameAs":["https:\/\/www.facebook.com\/EuroniSaltFactory\/menu\/"]}]}},"_links":{"self":[{"href":"https:\/\/euroni-ks.com\/sq\/wp-json\/wp\/v2\/product\/14281","targetHints":{"allow":["GET"]}}],"collection":[{"href":"https:\/\/euroni-ks.com\/sq\/wp-json\/wp\/v2\/product"}],"about":[{"href":"https:\/\/euroni-ks.com\/sq\/wp-json\/wp\/v2\/types\/product"}],"wp:featuredmedia":[{"embeddable":true,"href":"https:\/\/euroni-ks.com\/sq\/wp-json\/wp\/v2\/media\/14282"}],"wp:attachment":[{"href":"https:\/\/euroni-ks.com\/sq\/wp-json\/wp\/v2\/media?parent=14281"}],"wp:term":[{"taxonomy":"product_brand","embeddable":true,"href":"https:\/\/euroni-ks.com\/sq\/wp-json\/wp\/v2\/product_brand?post=14281"},{"taxonomy":"product_cat","embeddable":true,"href":"https:\/\/euroni-ks.com\/sq\/wp-json\/wp\/v2\/product_cat?post=14281"},{"taxonomy":"product_tag","embeddable":true,"href":"https:\/\/euroni-ks.com\/sq\/wp-json\/wp\/v2\/product_tag?post=14281"}],"curies":[{"name":"wp","href":"https:\/\/api.w.org\/{rel}","templated":true}]}}