{"id":14190,"date":"2023-10-26T07:08:28","date_gmt":"2023-10-26T07:08:28","guid":{"rendered":"https:\/\/euroni-ks.com\/?post_type=product&#038;p=14190"},"modified":"2024-04-05T13:53:27","modified_gmt":"2024-04-05T13:53:27","slug":"dishwasher-salt","status":"publish","type":"product","link":"https:\/\/euroni-ks.com\/sq\/produkt\/dishwasher-salt\/","title":{"rendered":"Krip\u00eb p\u00ebr En\u00eblar\u00ebse n\u00eb big bags"},"content":{"rendered":"<p class=\"translation-block\">Euroni Salt Factory ofron <strong>krip\u00eb p\u00ebr en\u00eblar\u00ebse<\/strong> n\u00eb kokrra optimale (2,5 mm+) n\u00eb thas\u00eb t\u00eb m\u00ebdhenj p\u00ebr markat e krip\u00ebs s\u00eb lavastoviljes.<\/p>\n<p>E formuluar posa\u00e7\u00ebrisht p\u00ebr t\u00eb siguruar funksionimin e qet\u00eb dhe efikas t\u00eb makin\u00ebs lar\u00ebse en\u00ebsh, kripa jon\u00eb shp\u00ebrndahet n\u00eb m\u00ebnyr\u00eb t\u00eb barabart\u00eb p\u00ebr t\u00eb parandaluar grumbullimin e gur\u00ebve t\u00eb g\u00eblqeres, duke siguruar en\u00ebt pa njolla dhe pa vija \u00e7do her\u00eb.<\/p>\n<p>P\u00ebr m\u00eb shum\u00eb informacion, ju lutemi na kontaktoni n\u00eb <a href=\"\/sq\/sales@euroni-ks.com\/\">sales@euroni-ks.com<\/a><\/p>","protected":false},"excerpt":{"rendered":"<p class=\"translation-block\">Euroni Salt Factory ofron <strong>krip\u00eb p\u00ebr en\u00eblar\u00ebse<\/strong> n\u00eb kokrra optimale (2,5 mm+) n\u00eb thas\u00eb t\u00eb m\u00ebdhenj p\u00ebr markat e krip\u00ebs s\u00eb lavastoviljes.<\/p>\n<p>E formuluar posa\u00e7\u00ebrisht p\u00ebr t\u00eb siguruar funksionimin e qet\u00eb dhe efikas t\u00eb makin\u00ebs lar\u00ebse en\u00ebsh, kripa jon\u00eb shp\u00ebrndahet n\u00eb m\u00ebnyr\u00eb t\u00eb barabart\u00eb p\u00ebr t\u00eb parandaluar grumbullimin e gur\u00ebve t\u00eb g\u00eblqeres, duke siguruar en\u00ebt pa njolla dhe pa vija \u00e7do her\u00eb.<\/p>\n<p>P\u00ebr m\u00eb shum\u00eb informacion, ju lutemi na kontaktoni n\u00eb <a href=\"\/sq\/sales@euroni-ks.com\/\">sales@euroni-ks.com<\/a><\/p>","protected":false},"featured_media":14189,"template":"","meta":{"inline_featured_image":false},"product_brand":[],"product_cat":[88],"product_tag":[89],"class_list":{"0":"post-14190","1":"product","2":"type-product","3":"status-publish","4":"has-post-thumbnail","6":"product_cat-dishwasher-salt","7":"product_tag-dishwasher-salt","9":"first","10":"instock","11":"shipping-taxable","12":"product-type-simple"},"yoast_head":"<!-- This site is optimized with the Yoast SEO plugin v27.3 - https:\/\/yoast.com\/product\/yoast-seo-wordpress\/ -->\n<title>Dishwasher Salt in Big Bags - Euroni | Best Salt Factory in Kosov\u00eb<\/title>\n<meta name=\"robots\" content=\"index, follow, max-snippet:-1, max-image-preview:large, max-video-preview:-1\" \/>\n<link rel=\"canonical\" href=\"https:\/\/euroni-ks.com\/sq\/produkt\/dishwasher-salt\/\" \/>\n<meta property=\"og:locale\" content=\"sq_AL\" \/>\n<meta property=\"og:type\" content=\"article\" \/>\n<meta property=\"og:title\" content=\"Dishwasher Salt in Big Bags - Euroni | Best Salt Factory in Kosov\u00eb\" \/>\n<meta property=\"og:description\" content=\"Euroni Salt Factory offers dishwasher salt in optimal grains (2.5mm+) in big bags for dishwasher salt brands.  Specially formulated to ensure the smooth and efficient operation of your dishwasher, our salt dissolves evenly to prevent limescale buildup, ensuring spotless, streak-free dishes every time.  For more information, please contact us at sales@euroni-ks.com\" \/>\n<meta property=\"og:url\" content=\"https:\/\/euroni-ks.com\/sq\/produkt\/dishwasher-salt\/\" \/>\n<meta property=\"og:site_name\" content=\"Euroni | Best Salt Factory in Kosov\u00eb\" \/>\n<meta property=\"article:publisher\" content=\"https:\/\/www.facebook.com\/EuroniSaltFactory\/menu\/\" \/>\n<meta property=\"article:modified_time\" content=\"2024-04-05T13:53:27+00:00\" \/>\n<meta property=\"og:image\" content=\"https:\/\/euroni-ks.com\/wp-content\/uploads\/2023\/10\/b-974d690819.jpg\" \/>\n\t<meta property=\"og:image:width\" content=\"1000\" \/>\n\t<meta property=\"og:image:height\" content=\"667\" \/>\n\t<meta property=\"og:image:type\" content=\"image\/jpeg\" \/>\n<meta name=\"twitter:card\" content=\"summary_large_image\" \/>\n<meta name=\"twitter:label1\" content=\"Est. reading time\" \/>\n\t<meta name=\"twitter:data1\" content=\"1 minut\u00eb\" \/>\n<script type=\"application\/ld+json\" class=\"yoast-schema-graph\">{\"@context\":\"https:\\\/\\\/schema.org\",\"@graph\":[{\"@type\":\"WebPage\",\"@id\":\"https:\\\/\\\/euroni-ks.com\\\/product\\\/dishwasher-salt\\\/\",\"url\":\"https:\\\/\\\/euroni-ks.com\\\/product\\\/dishwasher-salt\\\/\",\"name\":\"Dishwasher Salt in Big Bags - Euroni | Best Salt Factory in Kosov\u00eb\",\"isPartOf\":{\"@id\":\"https:\\\/\\\/euroni-ks.com\\\/#website\"},\"primaryImageOfPage\":{\"@id\":\"https:\\\/\\\/euroni-ks.com\\\/product\\\/dishwasher-salt\\\/#primaryimage\"},\"image\":{\"@id\":\"https:\\\/\\\/euroni-ks.com\\\/product\\\/dishwasher-salt\\\/#primaryimage\"},\"thumbnailUrl\":\"https:\\\/\\\/euroni-ks.com\\\/wp-content\\\/uploads\\\/2023\\\/10\\\/b-974d690819.jpg\",\"datePublished\":\"2023-10-26T07:08:28+00:00\",\"dateModified\":\"2024-04-05T13:53:27+00:00\",\"breadcrumb\":{\"@id\":\"https:\\\/\\\/euroni-ks.com\\\/product\\\/dishwasher-salt\\\/#breadcrumb\"},\"inLanguage\":\"sq\",\"potentialAction\":[{\"@type\":\"ReadAction\",\"target\":[\"https:\\\/\\\/euroni-ks.com\\\/product\\\/dishwasher-salt\\\/\"]}]},{\"@type\":\"ImageObject\",\"inLanguage\":\"sq\",\"@id\":\"https:\\\/\\\/euroni-ks.com\\\/product\\\/dishwasher-salt\\\/#primaryimage\",\"url\":\"https:\\\/\\\/euroni-ks.com\\\/wp-content\\\/uploads\\\/2023\\\/10\\\/b-974d690819.jpg\",\"contentUrl\":\"https:\\\/\\\/euroni-ks.com\\\/wp-content\\\/uploads\\\/2023\\\/10\\\/b-974d690819.jpg\",\"width\":1000,\"height\":667},{\"@type\":\"BreadcrumbList\",\"@id\":\"https:\\\/\\\/euroni-ks.com\\\/product\\\/dishwasher-salt\\\/#breadcrumb\",\"itemListElement\":[{\"@type\":\"ListItem\",\"position\":1,\"name\":\"Home\",\"item\":\"https:\\\/\\\/euroni-ks.com\\\/\"},{\"@type\":\"ListItem\",\"position\":2,\"name\":\"Products\",\"item\":\"https:\\\/\\\/euroni-ks.com\\\/shop\\\/\"},{\"@type\":\"ListItem\",\"position\":3,\"name\":\"Dishwasher Salt in Big Bags\"}]},{\"@type\":\"WebSite\",\"@id\":\"https:\\\/\\\/euroni-ks.com\\\/#website\",\"url\":\"https:\\\/\\\/euroni-ks.com\\\/\",\"name\":\"Euroni | Best Salt Factory in Kosov\u00eb\",\"description\":\"Euroni: Pure Salt, Crafted with Excellence in the Heart of Kosov\u00eb\",\"publisher\":{\"@id\":\"https:\\\/\\\/euroni-ks.com\\\/#organization\"},\"potentialAction\":[{\"@type\":\"SearchAction\",\"target\":{\"@type\":\"EntryPoint\",\"urlTemplate\":\"https:\\\/\\\/euroni-ks.com\\\/?s={search_term_string}\"},\"query-input\":{\"@type\":\"PropertyValueSpecification\",\"valueRequired\":true,\"valueName\":\"search_term_string\"}}],\"inLanguage\":\"sq\"},{\"@type\":\"Organization\",\"@id\":\"https:\\\/\\\/euroni-ks.com\\\/#organization\",\"name\":\"Euroni | Best Salt Factory in Kosov\u00eb\",\"url\":\"https:\\\/\\\/euroni-ks.com\\\/\",\"logo\":{\"@type\":\"ImageObject\",\"inLanguage\":\"sq\",\"@id\":\"https:\\\/\\\/euroni-ks.com\\\/#\\\/schema\\\/logo\\\/image\\\/\",\"url\":\"https:\\\/\\\/euroni-ks.com\\\/wp-content\\\/uploads\\\/2023\\\/04\\\/euroni_logo.png\",\"contentUrl\":\"https:\\\/\\\/euroni-ks.com\\\/wp-content\\\/uploads\\\/2023\\\/04\\\/euroni_logo.png\",\"width\":302,\"height\":100,\"caption\":\"Euroni | Best Salt Factory in Kosov\u00eb\"},\"image\":{\"@id\":\"https:\\\/\\\/euroni-ks.com\\\/#\\\/schema\\\/logo\\\/image\\\/\"},\"sameAs\":[\"https:\\\/\\\/www.facebook.com\\\/EuroniSaltFactory\\\/menu\\\/\"]}]}<\/script>\n<!-- \/ Yoast SEO plugin. -->","yoast_head_json":{"title":"Dishwasher Salt in Big Bags - Euroni | Best Salt Factory in Kosov\u00eb","robots":{"index":"index","follow":"follow","max-snippet":"max-snippet:-1","max-image-preview":"max-image-preview:large","max-video-preview":"max-video-preview:-1"},"canonical":"https:\/\/euroni-ks.com\/sq\/produkt\/dishwasher-salt\/","og_locale":"sq_AL","og_type":"article","og_title":"Dishwasher Salt in Big Bags - Euroni | Best Salt Factory in Kosov\u00eb","og_description":"Euroni Salt Factory offers dishwasher salt in optimal grains (2.5mm+) in big bags for dishwasher salt brands.  Specially formulated to ensure the smooth and efficient operation of your dishwasher, our salt dissolves evenly to prevent limescale buildup, ensuring spotless, streak-free dishes every time.  For more information, please contact us at sales@euroni-ks.com","og_url":"https:\/\/euroni-ks.com\/sq\/produkt\/dishwasher-salt\/","og_site_name":"Euroni | Best Salt Factory in Kosov\u00eb","article_publisher":"https:\/\/www.facebook.com\/EuroniSaltFactory\/menu\/","article_modified_time":"2024-04-05T13:53:27+00:00","og_image":[{"width":1000,"height":667,"url":"https:\/\/euroni-ks.com\/wp-content\/uploads\/2023\/10\/b-974d690819.jpg","type":"image\/jpeg"}],"twitter_card":"summary_large_image","twitter_misc":{"Est. reading time":"1 minut\u00eb"},"schema":{"@context":"https:\/\/schema.org","@graph":[{"@type":"WebPage","@id":"https:\/\/euroni-ks.com\/product\/dishwasher-salt\/","url":"https:\/\/euroni-ks.com\/product\/dishwasher-salt\/","name":"Dishwasher Salt in Big Bags - Euroni | Best Salt Factory in Kosov\u00eb","isPartOf":{"@id":"https:\/\/euroni-ks.com\/#website"},"primaryImageOfPage":{"@id":"https:\/\/euroni-ks.com\/product\/dishwasher-salt\/#primaryimage"},"image":{"@id":"https:\/\/euroni-ks.com\/product\/dishwasher-salt\/#primaryimage"},"thumbnailUrl":"https:\/\/euroni-ks.com\/wp-content\/uploads\/2023\/10\/b-974d690819.jpg","datePublished":"2023-10-26T07:08:28+00:00","dateModified":"2024-04-05T13:53:27+00:00","breadcrumb":{"@id":"https:\/\/euroni-ks.com\/product\/dishwasher-salt\/#breadcrumb"},"inLanguage":"sq","potentialAction":[{"@type":"ReadAction","target":["https:\/\/euroni-ks.com\/product\/dishwasher-salt\/"]}]},{"@type":"ImageObject","inLanguage":"sq","@id":"https:\/\/euroni-ks.com\/product\/dishwasher-salt\/#primaryimage","url":"https:\/\/euroni-ks.com\/wp-content\/uploads\/2023\/10\/b-974d690819.jpg","contentUrl":"https:\/\/euroni-ks.com\/wp-content\/uploads\/2023\/10\/b-974d690819.jpg","width":1000,"height":667},{"@type":"BreadcrumbList","@id":"https:\/\/euroni-ks.com\/product\/dishwasher-salt\/#breadcrumb","itemListElement":[{"@type":"ListItem","position":1,"name":"Home","item":"https:\/\/euroni-ks.com\/"},{"@type":"ListItem","position":2,"name":"Products","item":"https:\/\/euroni-ks.com\/shop\/"},{"@type":"ListItem","position":3,"name":"Dishwasher Salt in Big Bags"}]},{"@type":"WebSite","@id":"https:\/\/euroni-ks.com\/#website","url":"https:\/\/euroni-ks.com\/","name":"Shkoni n\u00eb Euroni | Fabrika m\u00eb e mir\u00eb e krip\u00ebs n\u00eb Kosov\u00eb.","description":"Euroni: Pure Salt, Crafted with Excellence in the Heart of Kosov\u00eb","publisher":{"@id":"https:\/\/euroni-ks.com\/#organization"},"potentialAction":[{"@type":"SearchAction","target":{"@type":"EntryPoint","urlTemplate":"https:\/\/euroni-ks.com\/?s={search_term_string}"},"query-input":{"@type":"PropertyValueSpecification","valueRequired":true,"valueName":"search_term_string"}}],"inLanguage":"sq"},{"@type":"Organization","@id":"https:\/\/euroni-ks.com\/#organization","name":"Shkoni n\u00eb Euroni | Fabrika m\u00eb e mir\u00eb e krip\u00ebs n\u00eb Kosov\u00eb.","url":"https:\/\/euroni-ks.com\/","logo":{"@type":"ImageObject","inLanguage":"sq","@id":"https:\/\/euroni-ks.com\/#\/schema\/logo\/image\/","url":"https:\/\/euroni-ks.com\/wp-content\/uploads\/2023\/04\/euroni_logo.png","contentUrl":"https:\/\/euroni-ks.com\/wp-content\/uploads\/2023\/04\/euroni_logo.png","width":302,"height":100,"caption":"Euroni | Best Salt Factory in Kosov\u00eb"},"image":{"@id":"https:\/\/euroni-ks.com\/#\/schema\/logo\/image\/"},"sameAs":["https:\/\/www.facebook.com\/EuroniSaltFactory\/menu\/"]}]}},"_links":{"self":[{"href":"https:\/\/euroni-ks.com\/sq\/wp-json\/wp\/v2\/product\/14190","targetHints":{"allow":["GET"]}}],"collection":[{"href":"https:\/\/euroni-ks.com\/sq\/wp-json\/wp\/v2\/product"}],"about":[{"href":"https:\/\/euroni-ks.com\/sq\/wp-json\/wp\/v2\/types\/product"}],"wp:featuredmedia":[{"embeddable":true,"href":"https:\/\/euroni-ks.com\/sq\/wp-json\/wp\/v2\/media\/14189"}],"wp:attachment":[{"href":"https:\/\/euroni-ks.com\/sq\/wp-json\/wp\/v2\/media?parent=14190"}],"wp:term":[{"taxonomy":"product_brand","embeddable":true,"href":"https:\/\/euroni-ks.com\/sq\/wp-json\/wp\/v2\/product_brand?post=14190"},{"taxonomy":"product_cat","embeddable":true,"href":"https:\/\/euroni-ks.com\/sq\/wp-json\/wp\/v2\/product_cat?post=14190"},{"taxonomy":"product_tag","embeddable":true,"href":"https:\/\/euroni-ks.com\/sq\/wp-json\/wp\/v2\/product_tag?post=14190"}],"curies":[{"name":"wp","href":"https:\/\/api.w.org\/{rel}","templated":true}]}}