{"id":14183,"date":"2023-10-18T13:42:40","date_gmt":"2023-10-18T13:42:40","guid":{"rendered":"https:\/\/euroni-ks.com\/?post_type=product&#038;p=14183"},"modified":"2025-09-15T07:53:00","modified_gmt":"2025-09-15T07:53:00","slug":"saltix-solar-salt-tablets","status":"publish","type":"product","link":"https:\/\/euroni-ks.com\/sq\/produkt\/saltix-solar-salt-tablets\/","title":{"rendered":"Saltix Krip\u00eb Tablet\u00eb"},"content":{"rendered":"<p>SALTIX\u00ae\u00a0 Salt Tablets made from high-quality refined sea salt, ensuring high quality and purity for industrial applications. Additive-free. Sodium chloride (NaCl\u226599.4%).<\/p>\n<p><strong>Precision Formulation:<\/strong> Tablet size and shape crafted for precise dosing and uniform distribution.<\/p>\n<ul>\n<li>Diameter: \u00d8 25 mm<\/li>\n<li>Height: 14 mm<\/li>\n<li>Weight:\u00a0 13 gr<\/li>\n<\/ul>\n<p><strong>Versatile Use:<\/strong> Perfect for water softening systems, swimming pools, car washes and other industrial uses. Not intended for human or animal consumption.<\/p>\n<p><strong>Shelf Life:<\/strong> Unlimited. Keep stored in a dry location!<\/p>\n<p><strong>Net weight:<\/strong> 25kg.<\/p>\n<p><strong>Private Label: <\/strong>Optional<\/p>\n<p>Manufacturer &amp; Sales: <strong>Euroni Salt L.L.C,<\/strong> Fush\u00eb Kosov\u00eb, Kosovo.<\/p>\n<p>&nbsp;<\/p>\n<ul>\n<li>For inquiries &amp; distribution contact us at: <a href=\"mailto:sales@euroni-ks.com\">sales@euroni-ks.com<\/a><\/li>\n<\/ul>","protected":false},"excerpt":{"rendered":"<p>SALTIX\u00ae\u00a0 Salt Tablets made from high-quality refined sea salt, ensuring high quality and purity for industrial applications. Additive-free. Sodium chloride (NaCl\u226599.4%).<\/p>\n<p><strong>Precision Formulation:<\/strong> Tablet size and shape crafted for precise dosing and uniform distribution.<\/p>\n<ul>\n<li>Diameter: \u00d8 25 mm<\/li>\n<li>Height: 14 mm<\/li>\n<li>Weight:\u00a0 13 gr<\/li>\n<\/ul>\n<p><strong>Versatile Use:<\/strong> Perfect for water softening systems, swimming pools, car washes and other industrial uses. Not intended for human or animal consumption.<\/p>\n<p><strong>Shelf Life:<\/strong> Unlimited. Keep stored in a dry location!<\/p>\n<p><strong>Net weight:<\/strong> 25kg.<\/p>\n<p><strong>Private Label: <\/strong>Optional<\/p>\n<p>Manufacturer &amp; Sales: <strong>Euroni Salt L.L.C,<\/strong> Fush\u00eb Kosov\u00eb, Kosovo.<\/p>\n<p>&nbsp;<\/p>\n<ul>\n<li>For inquiries &amp; distribution contact us at: <a href=\"mailto:sales@euroni-ks.com\">sales@euroni-ks.com<\/a><\/li>\n<\/ul>","protected":false},"featured_media":14684,"template":"","meta":{"inline_featured_image":false},"product_brand":[],"product_cat":[79],"product_tag":[],"class_list":{"0":"post-14183","1":"product","2":"type-product","3":"status-publish","4":"has-post-thumbnail","6":"product_cat-tablet-salt","8":"first","9":"instock","10":"shipping-taxable","11":"product-type-simple"},"yoast_head":"<!-- This site is optimized with the Yoast SEO plugin v27.3 - https:\/\/yoast.com\/product\/yoast-seo-wordpress\/ -->\n<title>SALTIX\u00ae Salt Tablets - Euroni | Best Salt Factory in Kosov\u00eb<\/title>\n<meta name=\"robots\" content=\"index, follow, max-snippet:-1, max-image-preview:large, max-video-preview:-1\" \/>\n<link rel=\"canonical\" href=\"https:\/\/euroni-ks.com\/sq\/produkt\/saltix-solar-salt-tablets\/\" \/>\n<meta property=\"og:locale\" content=\"sq_AL\" \/>\n<meta property=\"og:type\" content=\"article\" \/>\n<meta property=\"og:title\" content=\"SALTIX\u00ae Salt Tablets - Euroni | Best Salt Factory in Kosov\u00eb\" \/>\n<meta property=\"og:description\" content=\"SALTIX\u00ae\u00a0 Salt Tablets made from high-quality refined sea salt, ensuring high quality and purity for industrial applications. Additive-free. Sodium chloride (NaCl\u226599.4%).  Precision Formulation: Tablet size and shape crafted for precise dosing and uniform distribution.   Diameter: \u00d8 25 mm  Height: 14 mm  Weight:\u00a0 13 gr  Versatile Use: Perfect for water softening systems, swimming pools, car washes and other industrial uses. Not intended for human or animal consumption.  Shelf Life: Unlimited. Keep stored in a dry location!  Net weight: 25kg.  Private Label: Optional  Manufacturer &amp; Sales: Euroni Salt L.L.C, Fush\u00eb Kosov\u00eb, Kosovo.  &nbsp;   For inquiries &amp; distribution contact us at: sales@euroni-ks.com\" \/>\n<meta property=\"og:url\" content=\"https:\/\/euroni-ks.com\/sq\/produkt\/saltix-solar-salt-tablets\/\" \/>\n<meta property=\"og:site_name\" content=\"Euroni | Best Salt Factory in Kosov\u00eb\" \/>\n<meta property=\"article:publisher\" content=\"https:\/\/www.facebook.com\/EuroniSaltFactory\/menu\/\" \/>\n<meta property=\"article:modified_time\" content=\"2025-09-15T07:53:00+00:00\" \/>\n<meta property=\"og:image\" content=\"https:\/\/euroni-ks.com\/wp-content\/uploads\/2023\/10\/saltix-25kg-PE-Bag.png\" \/>\n\t<meta property=\"og:image:width\" content=\"1024\" \/>\n\t<meta property=\"og:image:height\" content=\"1536\" \/>\n\t<meta property=\"og:image:type\" content=\"image\/png\" \/>\n<meta name=\"twitter:card\" content=\"summary_large_image\" \/>\n<meta name=\"twitter:label1\" content=\"Est. reading time\" \/>\n\t<meta name=\"twitter:data1\" content=\"1 minut\u00eb\" \/>\n<script type=\"application\/ld+json\" class=\"yoast-schema-graph\">{\"@context\":\"https:\\\/\\\/schema.org\",\"@graph\":[{\"@type\":\"WebPage\",\"@id\":\"https:\\\/\\\/euroni-ks.com\\\/product\\\/saltix-solar-salt-tablets\\\/\",\"url\":\"https:\\\/\\\/euroni-ks.com\\\/product\\\/saltix-solar-salt-tablets\\\/\",\"name\":\"SALTIX\u00ae Salt Tablets - Euroni | Best Salt Factory in Kosov\u00eb\",\"isPartOf\":{\"@id\":\"https:\\\/\\\/euroni-ks.com\\\/#website\"},\"primaryImageOfPage\":{\"@id\":\"https:\\\/\\\/euroni-ks.com\\\/product\\\/saltix-solar-salt-tablets\\\/#primaryimage\"},\"image\":{\"@id\":\"https:\\\/\\\/euroni-ks.com\\\/product\\\/saltix-solar-salt-tablets\\\/#primaryimage\"},\"thumbnailUrl\":\"https:\\\/\\\/euroni-ks.com\\\/wp-content\\\/uploads\\\/2023\\\/10\\\/saltix-25kg-PE-Bag.png\",\"datePublished\":\"2023-10-18T13:42:40+00:00\",\"dateModified\":\"2025-09-15T07:53:00+00:00\",\"breadcrumb\":{\"@id\":\"https:\\\/\\\/euroni-ks.com\\\/product\\\/saltix-solar-salt-tablets\\\/#breadcrumb\"},\"inLanguage\":\"sq\",\"potentialAction\":[{\"@type\":\"ReadAction\",\"target\":[\"https:\\\/\\\/euroni-ks.com\\\/product\\\/saltix-solar-salt-tablets\\\/\"]}]},{\"@type\":\"ImageObject\",\"inLanguage\":\"sq\",\"@id\":\"https:\\\/\\\/euroni-ks.com\\\/product\\\/saltix-solar-salt-tablets\\\/#primaryimage\",\"url\":\"https:\\\/\\\/euroni-ks.com\\\/wp-content\\\/uploads\\\/2023\\\/10\\\/saltix-25kg-PE-Bag.png\",\"contentUrl\":\"https:\\\/\\\/euroni-ks.com\\\/wp-content\\\/uploads\\\/2023\\\/10\\\/saltix-25kg-PE-Bag.png\",\"width\":1024,\"height\":1536},{\"@type\":\"BreadcrumbList\",\"@id\":\"https:\\\/\\\/euroni-ks.com\\\/product\\\/saltix-solar-salt-tablets\\\/#breadcrumb\",\"itemListElement\":[{\"@type\":\"ListItem\",\"position\":1,\"name\":\"Home\",\"item\":\"https:\\\/\\\/euroni-ks.com\\\/\"},{\"@type\":\"ListItem\",\"position\":2,\"name\":\"Products\",\"item\":\"https:\\\/\\\/euroni-ks.com\\\/shop\\\/\"},{\"@type\":\"ListItem\",\"position\":3,\"name\":\"SALTIX\u00ae Salt Tablets\"}]},{\"@type\":\"WebSite\",\"@id\":\"https:\\\/\\\/euroni-ks.com\\\/#website\",\"url\":\"https:\\\/\\\/euroni-ks.com\\\/\",\"name\":\"Euroni | Best Salt Factory in Kosov\u00eb\",\"description\":\"Euroni: Pure Salt, Crafted with Excellence in the Heart of Kosov\u00eb\",\"publisher\":{\"@id\":\"https:\\\/\\\/euroni-ks.com\\\/#organization\"},\"potentialAction\":[{\"@type\":\"SearchAction\",\"target\":{\"@type\":\"EntryPoint\",\"urlTemplate\":\"https:\\\/\\\/euroni-ks.com\\\/?s={search_term_string}\"},\"query-input\":{\"@type\":\"PropertyValueSpecification\",\"valueRequired\":true,\"valueName\":\"search_term_string\"}}],\"inLanguage\":\"sq\"},{\"@type\":\"Organization\",\"@id\":\"https:\\\/\\\/euroni-ks.com\\\/#organization\",\"name\":\"Euroni | Best Salt Factory in Kosov\u00eb\",\"url\":\"https:\\\/\\\/euroni-ks.com\\\/\",\"logo\":{\"@type\":\"ImageObject\",\"inLanguage\":\"sq\",\"@id\":\"https:\\\/\\\/euroni-ks.com\\\/#\\\/schema\\\/logo\\\/image\\\/\",\"url\":\"https:\\\/\\\/euroni-ks.com\\\/wp-content\\\/uploads\\\/2023\\\/04\\\/euroni_logo.png\",\"contentUrl\":\"https:\\\/\\\/euroni-ks.com\\\/wp-content\\\/uploads\\\/2023\\\/04\\\/euroni_logo.png\",\"width\":302,\"height\":100,\"caption\":\"Euroni | Best Salt Factory in Kosov\u00eb\"},\"image\":{\"@id\":\"https:\\\/\\\/euroni-ks.com\\\/#\\\/schema\\\/logo\\\/image\\\/\"},\"sameAs\":[\"https:\\\/\\\/www.facebook.com\\\/EuroniSaltFactory\\\/menu\\\/\"]}]}<\/script>\n<!-- \/ Yoast SEO plugin. -->","yoast_head_json":{"title":"SALTIX\u00ae Salt Tablets - Euroni | Best Salt Factory in Kosov\u00eb","robots":{"index":"index","follow":"follow","max-snippet":"max-snippet:-1","max-image-preview":"max-image-preview:large","max-video-preview":"max-video-preview:-1"},"canonical":"https:\/\/euroni-ks.com\/sq\/produkt\/saltix-solar-salt-tablets\/","og_locale":"sq_AL","og_type":"article","og_title":"SALTIX\u00ae Salt Tablets - Euroni | Best Salt Factory in Kosov\u00eb","og_description":"SALTIX\u00ae\u00a0 Salt Tablets made from high-quality refined sea salt, ensuring high quality and purity for industrial applications. Additive-free. Sodium chloride (NaCl\u226599.4%).  Precision Formulation: Tablet size and shape crafted for precise dosing and uniform distribution.   Diameter: \u00d8 25 mm  Height: 14 mm  Weight:\u00a0 13 gr  Versatile Use: Perfect for water softening systems, swimming pools, car washes and other industrial uses. Not intended for human or animal consumption.  Shelf Life: Unlimited. Keep stored in a dry location!  Net weight: 25kg.  Private Label: Optional  Manufacturer &amp; Sales: Euroni Salt L.L.C, Fush\u00eb Kosov\u00eb, Kosovo.  &nbsp;   For inquiries &amp; distribution contact us at: sales@euroni-ks.com","og_url":"https:\/\/euroni-ks.com\/sq\/produkt\/saltix-solar-salt-tablets\/","og_site_name":"Euroni | Best Salt Factory in Kosov\u00eb","article_publisher":"https:\/\/www.facebook.com\/EuroniSaltFactory\/menu\/","article_modified_time":"2025-09-15T07:53:00+00:00","og_image":[{"width":1024,"height":1536,"url":"https:\/\/euroni-ks.com\/wp-content\/uploads\/2023\/10\/saltix-25kg-PE-Bag.png","type":"image\/png"}],"twitter_card":"summary_large_image","twitter_misc":{"Est. reading time":"1 minut\u00eb"},"schema":{"@context":"https:\/\/schema.org","@graph":[{"@type":"WebPage","@id":"https:\/\/euroni-ks.com\/product\/saltix-solar-salt-tablets\/","url":"https:\/\/euroni-ks.com\/product\/saltix-solar-salt-tablets\/","name":"SALTIX\u00ae Salt Tablets - Euroni | Best Salt Factory in Kosov\u00eb","isPartOf":{"@id":"https:\/\/euroni-ks.com\/#website"},"primaryImageOfPage":{"@id":"https:\/\/euroni-ks.com\/product\/saltix-solar-salt-tablets\/#primaryimage"},"image":{"@id":"https:\/\/euroni-ks.com\/product\/saltix-solar-salt-tablets\/#primaryimage"},"thumbnailUrl":"https:\/\/euroni-ks.com\/wp-content\/uploads\/2023\/10\/saltix-25kg-PE-Bag.png","datePublished":"2023-10-18T13:42:40+00:00","dateModified":"2025-09-15T07:53:00+00:00","breadcrumb":{"@id":"https:\/\/euroni-ks.com\/product\/saltix-solar-salt-tablets\/#breadcrumb"},"inLanguage":"sq","potentialAction":[{"@type":"ReadAction","target":["https:\/\/euroni-ks.com\/product\/saltix-solar-salt-tablets\/"]}]},{"@type":"ImageObject","inLanguage":"sq","@id":"https:\/\/euroni-ks.com\/product\/saltix-solar-salt-tablets\/#primaryimage","url":"https:\/\/euroni-ks.com\/wp-content\/uploads\/2023\/10\/saltix-25kg-PE-Bag.png","contentUrl":"https:\/\/euroni-ks.com\/wp-content\/uploads\/2023\/10\/saltix-25kg-PE-Bag.png","width":1024,"height":1536},{"@type":"BreadcrumbList","@id":"https:\/\/euroni-ks.com\/product\/saltix-solar-salt-tablets\/#breadcrumb","itemListElement":[{"@type":"ListItem","position":1,"name":"Home","item":"https:\/\/euroni-ks.com\/"},{"@type":"ListItem","position":2,"name":"Products","item":"https:\/\/euroni-ks.com\/shop\/"},{"@type":"ListItem","position":3,"name":"SALTIX\u00ae Salt Tablets"}]},{"@type":"WebSite","@id":"https:\/\/euroni-ks.com\/#website","url":"https:\/\/euroni-ks.com\/","name":"Shkoni n\u00eb Euroni | Fabrika m\u00eb e mir\u00eb e krip\u00ebs n\u00eb Kosov\u00eb.","description":"Euroni: Pure Salt, Crafted with Excellence in the Heart of Kosov\u00eb","publisher":{"@id":"https:\/\/euroni-ks.com\/#organization"},"potentialAction":[{"@type":"SearchAction","target":{"@type":"EntryPoint","urlTemplate":"https:\/\/euroni-ks.com\/?s={search_term_string}"},"query-input":{"@type":"PropertyValueSpecification","valueRequired":true,"valueName":"search_term_string"}}],"inLanguage":"sq"},{"@type":"Organization","@id":"https:\/\/euroni-ks.com\/#organization","name":"Shkoni n\u00eb Euroni | Fabrika m\u00eb e mir\u00eb e krip\u00ebs n\u00eb Kosov\u00eb.","url":"https:\/\/euroni-ks.com\/","logo":{"@type":"ImageObject","inLanguage":"sq","@id":"https:\/\/euroni-ks.com\/#\/schema\/logo\/image\/","url":"https:\/\/euroni-ks.com\/wp-content\/uploads\/2023\/04\/euroni_logo.png","contentUrl":"https:\/\/euroni-ks.com\/wp-content\/uploads\/2023\/04\/euroni_logo.png","width":302,"height":100,"caption":"Euroni | Best Salt Factory in Kosov\u00eb"},"image":{"@id":"https:\/\/euroni-ks.com\/#\/schema\/logo\/image\/"},"sameAs":["https:\/\/www.facebook.com\/EuroniSaltFactory\/menu\/"]}]}},"_links":{"self":[{"href":"https:\/\/euroni-ks.com\/sq\/wp-json\/wp\/v2\/product\/14183","targetHints":{"allow":["GET"]}}],"collection":[{"href":"https:\/\/euroni-ks.com\/sq\/wp-json\/wp\/v2\/product"}],"about":[{"href":"https:\/\/euroni-ks.com\/sq\/wp-json\/wp\/v2\/types\/product"}],"wp:featuredmedia":[{"embeddable":true,"href":"https:\/\/euroni-ks.com\/sq\/wp-json\/wp\/v2\/media\/14684"}],"wp:attachment":[{"href":"https:\/\/euroni-ks.com\/sq\/wp-json\/wp\/v2\/media?parent=14183"}],"wp:term":[{"taxonomy":"product_brand","embeddable":true,"href":"https:\/\/euroni-ks.com\/sq\/wp-json\/wp\/v2\/product_brand?post=14183"},{"taxonomy":"product_cat","embeddable":true,"href":"https:\/\/euroni-ks.com\/sq\/wp-json\/wp\/v2\/product_cat?post=14183"},{"taxonomy":"product_tag","embeddable":true,"href":"https:\/\/euroni-ks.com\/sq\/wp-json\/wp\/v2\/product_tag?post=14183"}],"curies":[{"name":"wp","href":"https:\/\/api.w.org\/{rel}","templated":true}]}}