{"id":13952,"date":"2023-04-17T13:39:02","date_gmt":"2023-04-17T13:39:02","guid":{"rendered":"https:\/\/euroni-ks.com\/?post_type=product&#038;p=13952"},"modified":"2024-09-23T11:26:00","modified_gmt":"2024-09-23T11:26:00","slug":"tanning-salt-in-30kg-plastic-bags","status":"publish","type":"product","link":"https:\/\/euroni-ks.com\/sq\/produkt\/tanning-salt-in-30kg-plastic-bags\/","title":{"rendered":"Krip\u00eb industriale n\u00eb qese plastike 30kg"},"content":{"rendered":"<p>Tanning Industrial Salt is useful to treat animal skins and hides.<\/p>\n<p>Fine or Coarse Grain.<\/p>\n<p>Paketuar nga Euroni Salt L.L.C.<\/p>\n<p>P\u00ebr m\u00eb shum\u00eb informacione dhe p\u00ebr ofertat m\u00eb t\u00eb fundit, ju lutemi na kontaktoni n\u00eb: sales@euroni-ks.com ose info@euroni-ks.com.<\/p>\n<p><a href=\"mailto:euronisaltfactory@yahoo.com\">euronisaltfactory@yahoo.com<\/a> or <a href=\"mailto:info@euroni-ks.com\">info@euroni-ks.com<\/a><\/p>","protected":false},"excerpt":{"rendered":"<p>Tanning Industrial Salt is useful to treat animal skins and hides. Ideal for the leather industry.<\/p>\n<p>Fine or Coarse Grain.<\/p>\n<p>Paketuar nga Euroni Salt L.L.C.<\/p>\n<p>P\u00ebr m\u00eb shum\u00eb informacione dhe p\u00ebr ofertat m\u00eb t\u00eb fundit, ju lutemi na kontaktoni n\u00eb: sales@euroni-ks.com ose info@euroni-ks.com.<\/p>\n<p><a href=\"mailto:euronisaltfactory@yahoo.com\">euronisaltfactory@yahoo.com<\/a> or <a href=\"mailto:info@euroni-ks.com\">info@euroni-ks.com<\/a><\/p>","protected":false},"featured_media":14347,"template":"","meta":{"inline_featured_image":false},"product_brand":[],"product_cat":[81],"product_tag":[],"class_list":{"0":"post-13952","1":"product","2":"type-product","3":"status-publish","4":"has-post-thumbnail","6":"product_cat-tanning-salt-for-leather","8":"first","9":"instock","10":"shipping-taxable","11":"product-type-simple"},"yoast_head":"<!-- This site is optimized with the Yoast SEO plugin v27.3 - https:\/\/yoast.com\/product\/yoast-seo-wordpress\/ -->\n<title>Tanning Salt in 30kg Plastic Bags - Euroni | Best Salt Factory in Kosov\u00eb<\/title>\n<meta name=\"robots\" content=\"index, follow, max-snippet:-1, max-image-preview:large, max-video-preview:-1\" \/>\n<link rel=\"canonical\" href=\"https:\/\/euroni-ks.com\/sq\/produkt\/tanning-salt-in-30kg-plastic-bags\/\" \/>\n<meta property=\"og:locale\" content=\"sq_AL\" \/>\n<meta property=\"og:type\" content=\"article\" \/>\n<meta property=\"og:title\" content=\"Tanning Salt in 30kg Plastic Bags - Euroni | Best Salt Factory in Kosov\u00eb\" \/>\n<meta property=\"og:description\" content=\"Tanning Industrial Salt is useful to treat animal skins and hides. Ideal for the leather industry.  Fine or Coarse Grain.  Packaged by Euroni Salt L.L.C.  To get an immediate quote, please contact us at:  euronisaltfactory@yahoo.com or info@euroni-ks.com\" \/>\n<meta property=\"og:url\" content=\"https:\/\/euroni-ks.com\/sq\/produkt\/tanning-salt-in-30kg-plastic-bags\/\" \/>\n<meta property=\"og:site_name\" content=\"Euroni | Best Salt Factory in Kosov\u00eb\" \/>\n<meta property=\"article:publisher\" content=\"https:\/\/www.facebook.com\/EuroniSaltFactory\/menu\/\" \/>\n<meta property=\"article:modified_time\" content=\"2024-09-23T11:26:00+00:00\" \/>\n<meta property=\"og:image\" content=\"https:\/\/euroni-ks.com\/wp-content\/uploads\/2023\/04\/2.jpg\" \/>\n\t<meta property=\"og:image:width\" content=\"1000\" \/>\n\t<meta property=\"og:image:height\" content=\"1000\" \/>\n\t<meta property=\"og:image:type\" content=\"image\/jpeg\" \/>\n<meta name=\"twitter:card\" content=\"summary_large_image\" \/>\n<meta name=\"twitter:label1\" content=\"Est. reading time\" \/>\n\t<meta name=\"twitter:data1\" content=\"1 minut\u00eb\" \/>\n<script type=\"application\/ld+json\" class=\"yoast-schema-graph\">{\"@context\":\"https:\\\/\\\/schema.org\",\"@graph\":[{\"@type\":\"WebPage\",\"@id\":\"https:\\\/\\\/euroni-ks.com\\\/product\\\/tanning-salt-in-30kg-plastic-bags\\\/\",\"url\":\"https:\\\/\\\/euroni-ks.com\\\/product\\\/tanning-salt-in-30kg-plastic-bags\\\/\",\"name\":\"Tanning Salt in 30kg Plastic Bags - Euroni | Best Salt Factory in Kosov\u00eb\",\"isPartOf\":{\"@id\":\"https:\\\/\\\/euroni-ks.com\\\/#website\"},\"primaryImageOfPage\":{\"@id\":\"https:\\\/\\\/euroni-ks.com\\\/product\\\/tanning-salt-in-30kg-plastic-bags\\\/#primaryimage\"},\"image\":{\"@id\":\"https:\\\/\\\/euroni-ks.com\\\/product\\\/tanning-salt-in-30kg-plastic-bags\\\/#primaryimage\"},\"thumbnailUrl\":\"https:\\\/\\\/euroni-ks.com\\\/wp-content\\\/uploads\\\/2023\\\/04\\\/2.jpg\",\"datePublished\":\"2023-04-17T13:39:02+00:00\",\"dateModified\":\"2024-09-23T11:26:00+00:00\",\"breadcrumb\":{\"@id\":\"https:\\\/\\\/euroni-ks.com\\\/product\\\/tanning-salt-in-30kg-plastic-bags\\\/#breadcrumb\"},\"inLanguage\":\"sq\",\"potentialAction\":[{\"@type\":\"ReadAction\",\"target\":[\"https:\\\/\\\/euroni-ks.com\\\/product\\\/tanning-salt-in-30kg-plastic-bags\\\/\"]}]},{\"@type\":\"ImageObject\",\"inLanguage\":\"sq\",\"@id\":\"https:\\\/\\\/euroni-ks.com\\\/product\\\/tanning-salt-in-30kg-plastic-bags\\\/#primaryimage\",\"url\":\"https:\\\/\\\/euroni-ks.com\\\/wp-content\\\/uploads\\\/2023\\\/04\\\/2.jpg\",\"contentUrl\":\"https:\\\/\\\/euroni-ks.com\\\/wp-content\\\/uploads\\\/2023\\\/04\\\/2.jpg\",\"width\":1000,\"height\":1000},{\"@type\":\"BreadcrumbList\",\"@id\":\"https:\\\/\\\/euroni-ks.com\\\/product\\\/tanning-salt-in-30kg-plastic-bags\\\/#breadcrumb\",\"itemListElement\":[{\"@type\":\"ListItem\",\"position\":1,\"name\":\"Home\",\"item\":\"https:\\\/\\\/euroni-ks.com\\\/\"},{\"@type\":\"ListItem\",\"position\":2,\"name\":\"Products\",\"item\":\"https:\\\/\\\/euroni-ks.com\\\/shop\\\/\"},{\"@type\":\"ListItem\",\"position\":3,\"name\":\"Tanning Salt in 30kg Plastic Bags\"}]},{\"@type\":\"WebSite\",\"@id\":\"https:\\\/\\\/euroni-ks.com\\\/#website\",\"url\":\"https:\\\/\\\/euroni-ks.com\\\/\",\"name\":\"Euroni | Best Salt Factory in Kosov\u00eb\",\"description\":\"Euroni: Pure Salt, Crafted with Excellence in the Heart of Kosov\u00eb\",\"publisher\":{\"@id\":\"https:\\\/\\\/euroni-ks.com\\\/#organization\"},\"potentialAction\":[{\"@type\":\"SearchAction\",\"target\":{\"@type\":\"EntryPoint\",\"urlTemplate\":\"https:\\\/\\\/euroni-ks.com\\\/?s={search_term_string}\"},\"query-input\":{\"@type\":\"PropertyValueSpecification\",\"valueRequired\":true,\"valueName\":\"search_term_string\"}}],\"inLanguage\":\"sq\"},{\"@type\":\"Organization\",\"@id\":\"https:\\\/\\\/euroni-ks.com\\\/#organization\",\"name\":\"Euroni | Best Salt Factory in Kosov\u00eb\",\"url\":\"https:\\\/\\\/euroni-ks.com\\\/\",\"logo\":{\"@type\":\"ImageObject\",\"inLanguage\":\"sq\",\"@id\":\"https:\\\/\\\/euroni-ks.com\\\/#\\\/schema\\\/logo\\\/image\\\/\",\"url\":\"https:\\\/\\\/euroni-ks.com\\\/wp-content\\\/uploads\\\/2023\\\/04\\\/euroni_logo.png\",\"contentUrl\":\"https:\\\/\\\/euroni-ks.com\\\/wp-content\\\/uploads\\\/2023\\\/04\\\/euroni_logo.png\",\"width\":302,\"height\":100,\"caption\":\"Euroni | Best Salt Factory in Kosov\u00eb\"},\"image\":{\"@id\":\"https:\\\/\\\/euroni-ks.com\\\/#\\\/schema\\\/logo\\\/image\\\/\"},\"sameAs\":[\"https:\\\/\\\/www.facebook.com\\\/EuroniSaltFactory\\\/menu\\\/\"]}]}<\/script>\n<!-- \/ Yoast SEO plugin. -->","yoast_head_json":{"title":"Tanning Salt in 30kg Plastic Bags - Euroni | Best Salt Factory in Kosov\u00eb","robots":{"index":"index","follow":"follow","max-snippet":"max-snippet:-1","max-image-preview":"max-image-preview:large","max-video-preview":"max-video-preview:-1"},"canonical":"https:\/\/euroni-ks.com\/sq\/produkt\/tanning-salt-in-30kg-plastic-bags\/","og_locale":"sq_AL","og_type":"article","og_title":"Tanning Salt in 30kg Plastic Bags - Euroni | Best Salt Factory in Kosov\u00eb","og_description":"Tanning Industrial Salt is useful to treat animal skins and hides. Ideal for the leather industry.  Fine or Coarse Grain.  Packaged by Euroni Salt L.L.C.  To get an immediate quote, please contact us at:  euronisaltfactory@yahoo.com or info@euroni-ks.com","og_url":"https:\/\/euroni-ks.com\/sq\/produkt\/tanning-salt-in-30kg-plastic-bags\/","og_site_name":"Euroni | Best Salt Factory in Kosov\u00eb","article_publisher":"https:\/\/www.facebook.com\/EuroniSaltFactory\/menu\/","article_modified_time":"2024-09-23T11:26:00+00:00","og_image":[{"width":1000,"height":1000,"url":"https:\/\/euroni-ks.com\/wp-content\/uploads\/2023\/04\/2.jpg","type":"image\/jpeg"}],"twitter_card":"summary_large_image","twitter_misc":{"Est. reading time":"1 minut\u00eb"},"schema":{"@context":"https:\/\/schema.org","@graph":[{"@type":"WebPage","@id":"https:\/\/euroni-ks.com\/product\/tanning-salt-in-30kg-plastic-bags\/","url":"https:\/\/euroni-ks.com\/product\/tanning-salt-in-30kg-plastic-bags\/","name":"Tanning Salt in 30kg Plastic Bags - Euroni | Best Salt Factory in Kosov\u00eb","isPartOf":{"@id":"https:\/\/euroni-ks.com\/#website"},"primaryImageOfPage":{"@id":"https:\/\/euroni-ks.com\/product\/tanning-salt-in-30kg-plastic-bags\/#primaryimage"},"image":{"@id":"https:\/\/euroni-ks.com\/product\/tanning-salt-in-30kg-plastic-bags\/#primaryimage"},"thumbnailUrl":"https:\/\/euroni-ks.com\/wp-content\/uploads\/2023\/04\/2.jpg","datePublished":"2023-04-17T13:39:02+00:00","dateModified":"2024-09-23T11:26:00+00:00","breadcrumb":{"@id":"https:\/\/euroni-ks.com\/product\/tanning-salt-in-30kg-plastic-bags\/#breadcrumb"},"inLanguage":"sq","potentialAction":[{"@type":"ReadAction","target":["https:\/\/euroni-ks.com\/product\/tanning-salt-in-30kg-plastic-bags\/"]}]},{"@type":"ImageObject","inLanguage":"sq","@id":"https:\/\/euroni-ks.com\/product\/tanning-salt-in-30kg-plastic-bags\/#primaryimage","url":"https:\/\/euroni-ks.com\/wp-content\/uploads\/2023\/04\/2.jpg","contentUrl":"https:\/\/euroni-ks.com\/wp-content\/uploads\/2023\/04\/2.jpg","width":1000,"height":1000},{"@type":"BreadcrumbList","@id":"https:\/\/euroni-ks.com\/product\/tanning-salt-in-30kg-plastic-bags\/#breadcrumb","itemListElement":[{"@type":"ListItem","position":1,"name":"Home","item":"https:\/\/euroni-ks.com\/"},{"@type":"ListItem","position":2,"name":"Products","item":"https:\/\/euroni-ks.com\/shop\/"},{"@type":"ListItem","position":3,"name":"Tanning Salt in 30kg Plastic Bags"}]},{"@type":"WebSite","@id":"https:\/\/euroni-ks.com\/#website","url":"https:\/\/euroni-ks.com\/","name":"Shkoni n\u00eb Euroni | Fabrika m\u00eb e mir\u00eb e krip\u00ebs n\u00eb Kosov\u00eb.","description":"Euroni: Pure Salt, Crafted with Excellence in the Heart of Kosov\u00eb","publisher":{"@id":"https:\/\/euroni-ks.com\/#organization"},"potentialAction":[{"@type":"SearchAction","target":{"@type":"EntryPoint","urlTemplate":"https:\/\/euroni-ks.com\/?s={search_term_string}"},"query-input":{"@type":"PropertyValueSpecification","valueRequired":true,"valueName":"search_term_string"}}],"inLanguage":"sq"},{"@type":"Organization","@id":"https:\/\/euroni-ks.com\/#organization","name":"Shkoni n\u00eb Euroni | Fabrika m\u00eb e mir\u00eb e krip\u00ebs n\u00eb Kosov\u00eb.","url":"https:\/\/euroni-ks.com\/","logo":{"@type":"ImageObject","inLanguage":"sq","@id":"https:\/\/euroni-ks.com\/#\/schema\/logo\/image\/","url":"https:\/\/euroni-ks.com\/wp-content\/uploads\/2023\/04\/euroni_logo.png","contentUrl":"https:\/\/euroni-ks.com\/wp-content\/uploads\/2023\/04\/euroni_logo.png","width":302,"height":100,"caption":"Euroni | Best Salt Factory in Kosov\u00eb"},"image":{"@id":"https:\/\/euroni-ks.com\/#\/schema\/logo\/image\/"},"sameAs":["https:\/\/www.facebook.com\/EuroniSaltFactory\/menu\/"]}]}},"_links":{"self":[{"href":"https:\/\/euroni-ks.com\/sq\/wp-json\/wp\/v2\/product\/13952","targetHints":{"allow":["GET"]}}],"collection":[{"href":"https:\/\/euroni-ks.com\/sq\/wp-json\/wp\/v2\/product"}],"about":[{"href":"https:\/\/euroni-ks.com\/sq\/wp-json\/wp\/v2\/types\/product"}],"wp:featuredmedia":[{"embeddable":true,"href":"https:\/\/euroni-ks.com\/sq\/wp-json\/wp\/v2\/media\/14347"}],"wp:attachment":[{"href":"https:\/\/euroni-ks.com\/sq\/wp-json\/wp\/v2\/media?parent=13952"}],"wp:term":[{"taxonomy":"product_brand","embeddable":true,"href":"https:\/\/euroni-ks.com\/sq\/wp-json\/wp\/v2\/product_brand?post=13952"},{"taxonomy":"product_cat","embeddable":true,"href":"https:\/\/euroni-ks.com\/sq\/wp-json\/wp\/v2\/product_cat?post=13952"},{"taxonomy":"product_tag","embeddable":true,"href":"https:\/\/euroni-ks.com\/sq\/wp-json\/wp\/v2\/product_tag?post=13952"}],"curies":[{"name":"wp","href":"https:\/\/api.w.org\/{rel}","templated":true}]}}