{"id":13947,"date":"2023-04-17T13:17:33","date_gmt":"2023-04-17T13:17:33","guid":{"rendered":"https:\/\/euroni-ks.com\/?post_type=product&#038;p=13947"},"modified":"2024-03-11T12:35:14","modified_gmt":"2024-03-11T12:35:14","slug":"saltech-tablet-salt-in-25kg-plastic-bag","status":"publish","type":"product","link":"https:\/\/euroni-ks.com\/sq\/produkt\/saltech-tablet-salt-in-25kg-plastic-bag\/","title":{"rendered":"Salinen Austria Krip\u00eb Tablet\u00eb nga krip\u00eb guri vakum"},"content":{"rendered":"<p>Saltech\u2122 Tablet Salt &#8211; made from the highest quality vacuum rock salt (99.9% NaCl) in Europe.<\/p>\n<p>Used for water softening.<\/p>\n<p>Excellent solubility and purity.<\/p>\n<p>SALTECH industrial salt and salt tablets comply with EN 973 Type A\u00a0\u00a0for the softening of water for human use and additionally:<\/p>\n<ul>\n<li>Industrial salt: EN 14805 : 2008, Type 1<\/li>\n<li>Salt tablets (rounds and cushions): EN 14805 : 2008, Type 1 and Biocide VO (EU) No 528\/2012.<\/li>\n<\/ul>\n<p>Packaging: 25kg PE bags.<\/p>","protected":false},"excerpt":{"rendered":"<p>Saltech Tablet Salt &#8211; made from the highest quality vacuum rock salt in Europe.<\/p>\n<p>Used for water softening.<\/p>\n<p>Excellent solubility and purity.<\/p>\n<p>SALTECH industrial salt and salt tablets comply with EN 973 Type A\u00a0\u00a0for the softening of water for human use and additionally:<\/p>\n<ul>\n<li>Industrial salt: EN 14805 : 2008, Type 1<\/li>\n<li>Salt tablets (rounds and cushions): EN 14805 : 2008, Type 1 and Biocide VO (EU) No 528\/2012.<\/li>\n<\/ul>\n<p>To get an immediate quote for the Saltech tablet salt, please contact us at <a href=\"mailto:euronisaltfactory@yahoo.com\">euronisaltfactory@yahoo.com<\/a>\u00a0or\u00a0<a href=\"mailto:info@euroni-ks.com\">info@euroni-ks.com<\/a><\/p>","protected":false},"featured_media":13949,"template":"","meta":{"inline_featured_image":false},"product_brand":[],"product_cat":[79],"product_tag":[],"class_list":{"0":"post-13947","1":"product","2":"type-product","3":"status-publish","4":"has-post-thumbnail","6":"product_cat-tablet-salt","8":"first","9":"instock","10":"shipping-taxable","11":"product-type-simple"},"yoast_head":"<!-- This site is optimized with the Yoast SEO plugin v27.3 - https:\/\/yoast.com\/product\/yoast-seo-wordpress\/ -->\n<title>Salinen Austria Saltech\u2122 Vacuum Salt Tablets - Euroni | Best Salt Factory in Kosov\u00eb<\/title>\n<meta name=\"robots\" content=\"index, follow, max-snippet:-1, max-image-preview:large, max-video-preview:-1\" \/>\n<link rel=\"canonical\" href=\"https:\/\/euroni-ks.com\/sq\/produkt\/saltech-tablet-salt-in-25kg-plastic-bag\/\" \/>\n<meta property=\"og:locale\" content=\"sq_AL\" \/>\n<meta property=\"og:type\" content=\"article\" \/>\n<meta property=\"og:title\" content=\"Salinen Austria Saltech\u2122 Vacuum Salt Tablets - Euroni | Best Salt Factory in Kosov\u00eb\" \/>\n<meta property=\"og:description\" content=\"Saltech Tablet Salt - made from the highest quality vacuum rock salt in Europe.  Used for water softening.  Excellent solubility and purity.  SALTECH industrial salt and salt tablets comply with EN 973 Type A\u00a0\u00a0for the softening of water for human use and additionally:   Industrial salt: EN 14805 : 2008, Type 1  Salt tablets (rounds and cushions): EN 14805 : 2008, Type 1 and Biocide VO (EU) No 528\/2012.  To get an immediate quote for the Saltech tablet salt, please contact us at euronisaltfactory@yahoo.com\u00a0or\u00a0info@euroni-ks.com\" \/>\n<meta property=\"og:url\" content=\"https:\/\/euroni-ks.com\/sq\/produkt\/saltech-tablet-salt-in-25kg-plastic-bag\/\" \/>\n<meta property=\"og:site_name\" content=\"Euroni | Best Salt Factory in Kosov\u00eb\" \/>\n<meta property=\"article:publisher\" content=\"https:\/\/www.facebook.com\/EuroniSaltFactory\/menu\/\" \/>\n<meta property=\"article:modified_time\" content=\"2024-03-11T12:35:14+00:00\" \/>\n<meta property=\"og:image\" content=\"https:\/\/euroni-ks.com\/wp-content\/uploads\/2023\/04\/Tablet-salt.jpg\" \/>\n\t<meta property=\"og:image:width\" content=\"675\" \/>\n\t<meta property=\"og:image:height\" content=\"690\" \/>\n\t<meta property=\"og:image:type\" content=\"image\/jpeg\" \/>\n<meta name=\"twitter:card\" content=\"summary_large_image\" \/>\n<meta name=\"twitter:label1\" content=\"Est. reading time\" \/>\n\t<meta name=\"twitter:data1\" content=\"1 minut\u00eb\" \/>\n<script type=\"application\/ld+json\" class=\"yoast-schema-graph\">{\"@context\":\"https:\\\/\\\/schema.org\",\"@graph\":[{\"@type\":\"WebPage\",\"@id\":\"https:\\\/\\\/euroni-ks.com\\\/product\\\/saltech-tablet-salt-in-25kg-plastic-bag\\\/\",\"url\":\"https:\\\/\\\/euroni-ks.com\\\/product\\\/saltech-tablet-salt-in-25kg-plastic-bag\\\/\",\"name\":\"Salinen Austria Saltech\u2122 Vacuum Salt Tablets - Euroni | Best Salt Factory in Kosov\u00eb\",\"isPartOf\":{\"@id\":\"https:\\\/\\\/euroni-ks.com\\\/#website\"},\"primaryImageOfPage\":{\"@id\":\"https:\\\/\\\/euroni-ks.com\\\/product\\\/saltech-tablet-salt-in-25kg-plastic-bag\\\/#primaryimage\"},\"image\":{\"@id\":\"https:\\\/\\\/euroni-ks.com\\\/product\\\/saltech-tablet-salt-in-25kg-plastic-bag\\\/#primaryimage\"},\"thumbnailUrl\":\"https:\\\/\\\/euroni-ks.com\\\/wp-content\\\/uploads\\\/2023\\\/04\\\/Tablet-salt.jpg\",\"datePublished\":\"2023-04-17T13:17:33+00:00\",\"dateModified\":\"2024-03-11T12:35:14+00:00\",\"breadcrumb\":{\"@id\":\"https:\\\/\\\/euroni-ks.com\\\/product\\\/saltech-tablet-salt-in-25kg-plastic-bag\\\/#breadcrumb\"},\"inLanguage\":\"sq\",\"potentialAction\":[{\"@type\":\"ReadAction\",\"target\":[\"https:\\\/\\\/euroni-ks.com\\\/product\\\/saltech-tablet-salt-in-25kg-plastic-bag\\\/\"]}]},{\"@type\":\"ImageObject\",\"inLanguage\":\"sq\",\"@id\":\"https:\\\/\\\/euroni-ks.com\\\/product\\\/saltech-tablet-salt-in-25kg-plastic-bag\\\/#primaryimage\",\"url\":\"https:\\\/\\\/euroni-ks.com\\\/wp-content\\\/uploads\\\/2023\\\/04\\\/Tablet-salt.jpg\",\"contentUrl\":\"https:\\\/\\\/euroni-ks.com\\\/wp-content\\\/uploads\\\/2023\\\/04\\\/Tablet-salt.jpg\",\"width\":675,\"height\":690},{\"@type\":\"BreadcrumbList\",\"@id\":\"https:\\\/\\\/euroni-ks.com\\\/product\\\/saltech-tablet-salt-in-25kg-plastic-bag\\\/#breadcrumb\",\"itemListElement\":[{\"@type\":\"ListItem\",\"position\":1,\"name\":\"Home\",\"item\":\"https:\\\/\\\/euroni-ks.com\\\/\"},{\"@type\":\"ListItem\",\"position\":2,\"name\":\"Products\",\"item\":\"https:\\\/\\\/euroni-ks.com\\\/shop\\\/\"},{\"@type\":\"ListItem\",\"position\":3,\"name\":\"Salinen Austria Saltech\u2122 Vacuum Salt Tablets\"}]},{\"@type\":\"WebSite\",\"@id\":\"https:\\\/\\\/euroni-ks.com\\\/#website\",\"url\":\"https:\\\/\\\/euroni-ks.com\\\/\",\"name\":\"Euroni | Best Salt Factory in Kosov\u00eb\",\"description\":\"Euroni: Pure Salt, Crafted with Excellence in the Heart of Kosov\u00eb\",\"publisher\":{\"@id\":\"https:\\\/\\\/euroni-ks.com\\\/#organization\"},\"potentialAction\":[{\"@type\":\"SearchAction\",\"target\":{\"@type\":\"EntryPoint\",\"urlTemplate\":\"https:\\\/\\\/euroni-ks.com\\\/?s={search_term_string}\"},\"query-input\":{\"@type\":\"PropertyValueSpecification\",\"valueRequired\":true,\"valueName\":\"search_term_string\"}}],\"inLanguage\":\"sq\"},{\"@type\":\"Organization\",\"@id\":\"https:\\\/\\\/euroni-ks.com\\\/#organization\",\"name\":\"Euroni | Best Salt Factory in Kosov\u00eb\",\"url\":\"https:\\\/\\\/euroni-ks.com\\\/\",\"logo\":{\"@type\":\"ImageObject\",\"inLanguage\":\"sq\",\"@id\":\"https:\\\/\\\/euroni-ks.com\\\/#\\\/schema\\\/logo\\\/image\\\/\",\"url\":\"https:\\\/\\\/euroni-ks.com\\\/wp-content\\\/uploads\\\/2023\\\/04\\\/euroni_logo.png\",\"contentUrl\":\"https:\\\/\\\/euroni-ks.com\\\/wp-content\\\/uploads\\\/2023\\\/04\\\/euroni_logo.png\",\"width\":302,\"height\":100,\"caption\":\"Euroni | Best Salt Factory in Kosov\u00eb\"},\"image\":{\"@id\":\"https:\\\/\\\/euroni-ks.com\\\/#\\\/schema\\\/logo\\\/image\\\/\"},\"sameAs\":[\"https:\\\/\\\/www.facebook.com\\\/EuroniSaltFactory\\\/menu\\\/\"]}]}<\/script>\n<!-- \/ Yoast SEO plugin. -->","yoast_head_json":{"title":"Salinen Austria Saltech\u2122 Vacuum Salt Tablets - Euroni | Best Salt Factory in Kosov\u00eb","robots":{"index":"index","follow":"follow","max-snippet":"max-snippet:-1","max-image-preview":"max-image-preview:large","max-video-preview":"max-video-preview:-1"},"canonical":"https:\/\/euroni-ks.com\/sq\/produkt\/saltech-tablet-salt-in-25kg-plastic-bag\/","og_locale":"sq_AL","og_type":"article","og_title":"Salinen Austria Saltech\u2122 Vacuum Salt Tablets - Euroni | Best Salt Factory in Kosov\u00eb","og_description":"Saltech Tablet Salt - made from the highest quality vacuum rock salt in Europe.  Used for water softening.  Excellent solubility and purity.  SALTECH industrial salt and salt tablets comply with EN 973 Type A\u00a0\u00a0for the softening of water for human use and additionally:   Industrial salt: EN 14805 : 2008, Type 1  Salt tablets (rounds and cushions): EN 14805 : 2008, Type 1 and Biocide VO (EU) No 528\/2012.  To get an immediate quote for the Saltech tablet salt, please contact us at euronisaltfactory@yahoo.com\u00a0or\u00a0info@euroni-ks.com","og_url":"https:\/\/euroni-ks.com\/sq\/produkt\/saltech-tablet-salt-in-25kg-plastic-bag\/","og_site_name":"Euroni | Best Salt Factory in Kosov\u00eb","article_publisher":"https:\/\/www.facebook.com\/EuroniSaltFactory\/menu\/","article_modified_time":"2024-03-11T12:35:14+00:00","og_image":[{"width":675,"height":690,"url":"https:\/\/euroni-ks.com\/wp-content\/uploads\/2023\/04\/Tablet-salt.jpg","type":"image\/jpeg"}],"twitter_card":"summary_large_image","twitter_misc":{"Est. reading time":"1 minut\u00eb"},"schema":{"@context":"https:\/\/schema.org","@graph":[{"@type":"WebPage","@id":"https:\/\/euroni-ks.com\/product\/saltech-tablet-salt-in-25kg-plastic-bag\/","url":"https:\/\/euroni-ks.com\/product\/saltech-tablet-salt-in-25kg-plastic-bag\/","name":"Salinen Austria Saltech\u2122 Vacuum Salt Tablets - Euroni | Best Salt Factory in Kosov\u00eb","isPartOf":{"@id":"https:\/\/euroni-ks.com\/#website"},"primaryImageOfPage":{"@id":"https:\/\/euroni-ks.com\/product\/saltech-tablet-salt-in-25kg-plastic-bag\/#primaryimage"},"image":{"@id":"https:\/\/euroni-ks.com\/product\/saltech-tablet-salt-in-25kg-plastic-bag\/#primaryimage"},"thumbnailUrl":"https:\/\/euroni-ks.com\/wp-content\/uploads\/2023\/04\/Tablet-salt.jpg","datePublished":"2023-04-17T13:17:33+00:00","dateModified":"2024-03-11T12:35:14+00:00","breadcrumb":{"@id":"https:\/\/euroni-ks.com\/product\/saltech-tablet-salt-in-25kg-plastic-bag\/#breadcrumb"},"inLanguage":"sq","potentialAction":[{"@type":"ReadAction","target":["https:\/\/euroni-ks.com\/product\/saltech-tablet-salt-in-25kg-plastic-bag\/"]}]},{"@type":"ImageObject","inLanguage":"sq","@id":"https:\/\/euroni-ks.com\/product\/saltech-tablet-salt-in-25kg-plastic-bag\/#primaryimage","url":"https:\/\/euroni-ks.com\/wp-content\/uploads\/2023\/04\/Tablet-salt.jpg","contentUrl":"https:\/\/euroni-ks.com\/wp-content\/uploads\/2023\/04\/Tablet-salt.jpg","width":675,"height":690},{"@type":"BreadcrumbList","@id":"https:\/\/euroni-ks.com\/product\/saltech-tablet-salt-in-25kg-plastic-bag\/#breadcrumb","itemListElement":[{"@type":"ListItem","position":1,"name":"Home","item":"https:\/\/euroni-ks.com\/"},{"@type":"ListItem","position":2,"name":"Products","item":"https:\/\/euroni-ks.com\/shop\/"},{"@type":"ListItem","position":3,"name":"Salinen Austria Saltech\u2122 Vacuum Salt Tablets"}]},{"@type":"WebSite","@id":"https:\/\/euroni-ks.com\/#website","url":"https:\/\/euroni-ks.com\/","name":"Shkoni n\u00eb Euroni | Fabrika m\u00eb e mir\u00eb e krip\u00ebs n\u00eb Kosov\u00eb.","description":"Euroni: Pure Salt, Crafted with Excellence in the Heart of Kosov\u00eb","publisher":{"@id":"https:\/\/euroni-ks.com\/#organization"},"potentialAction":[{"@type":"SearchAction","target":{"@type":"EntryPoint","urlTemplate":"https:\/\/euroni-ks.com\/?s={search_term_string}"},"query-input":{"@type":"PropertyValueSpecification","valueRequired":true,"valueName":"search_term_string"}}],"inLanguage":"sq"},{"@type":"Organization","@id":"https:\/\/euroni-ks.com\/#organization","name":"Shkoni n\u00eb Euroni | Fabrika m\u00eb e mir\u00eb e krip\u00ebs n\u00eb Kosov\u00eb.","url":"https:\/\/euroni-ks.com\/","logo":{"@type":"ImageObject","inLanguage":"sq","@id":"https:\/\/euroni-ks.com\/#\/schema\/logo\/image\/","url":"https:\/\/euroni-ks.com\/wp-content\/uploads\/2023\/04\/euroni_logo.png","contentUrl":"https:\/\/euroni-ks.com\/wp-content\/uploads\/2023\/04\/euroni_logo.png","width":302,"height":100,"caption":"Euroni | Best Salt Factory in Kosov\u00eb"},"image":{"@id":"https:\/\/euroni-ks.com\/#\/schema\/logo\/image\/"},"sameAs":["https:\/\/www.facebook.com\/EuroniSaltFactory\/menu\/"]}]}},"_links":{"self":[{"href":"https:\/\/euroni-ks.com\/sq\/wp-json\/wp\/v2\/product\/13947","targetHints":{"allow":["GET"]}}],"collection":[{"href":"https:\/\/euroni-ks.com\/sq\/wp-json\/wp\/v2\/product"}],"about":[{"href":"https:\/\/euroni-ks.com\/sq\/wp-json\/wp\/v2\/types\/product"}],"wp:featuredmedia":[{"embeddable":true,"href":"https:\/\/euroni-ks.com\/sq\/wp-json\/wp\/v2\/media\/13949"}],"wp:attachment":[{"href":"https:\/\/euroni-ks.com\/sq\/wp-json\/wp\/v2\/media?parent=13947"}],"wp:term":[{"taxonomy":"product_brand","embeddable":true,"href":"https:\/\/euroni-ks.com\/sq\/wp-json\/wp\/v2\/product_brand?post=13947"},{"taxonomy":"product_cat","embeddable":true,"href":"https:\/\/euroni-ks.com\/sq\/wp-json\/wp\/v2\/product_cat?post=13947"},{"taxonomy":"product_tag","embeddable":true,"href":"https:\/\/euroni-ks.com\/sq\/wp-json\/wp\/v2\/product_tag?post=13947"}],"curies":[{"name":"wp","href":"https:\/\/api.w.org\/{rel}","templated":true}]}}