{"id":13927,"date":"2023-04-17T10:19:53","date_gmt":"2023-04-17T10:19:53","guid":{"rendered":"https:\/\/euroni-ks.com\/?post_type=product&#038;p=13927"},"modified":"2023-04-17T13:03:27","modified_gmt":"2023-04-17T13:03:27","slug":"aura-himalayan-salt-250gr-shaker","status":"publish","type":"product","link":"https:\/\/euroni-ks.com\/sq\/produkt\/aura-himalayan-salt-250gr-shaker\/","title":{"rendered":"Aura Krip\u00eb Himalaje n\u00eb shishe plastike 250gr"},"content":{"rendered":"<p>Extracted from the depth of the Himalayan mountains, Aura Himalayan comes in easy-to-use 250gr salt shakers.<\/p>\n<p>Fine grain.<\/p>\n<p>Dual opening for controlled seasoning.<\/p>\n<p>Paketuar nga Euroni Salt L.L.C.<\/p>\n<p>&nbsp;<\/p>","protected":false},"excerpt":{"rendered":"<p>Extracted from the depth of the Himalayan mountains, Aura Himalayan comes in easy-to-use 250gr salt shakers.<\/p>\n<p>Fine grain.<\/p>\n<p>Dual opening for controlled seasoning.<\/p>\n<p>Paketuar nga Euroni Salt L.L.C.<\/p>\n<p>&nbsp;<\/p>","protected":false},"featured_media":13886,"template":"","meta":{"inline_featured_image":false},"product_brand":[],"product_cat":[83],"product_tag":[],"class_list":{"0":"post-13927","1":"product","2":"type-product","3":"status-publish","4":"has-post-thumbnail","6":"product_cat-himalayan-salt","8":"first","9":"instock","10":"shipping-taxable","11":"product-type-simple"},"yoast_head":"<!-- This site is optimized with the Yoast SEO plugin v27.3 - https:\/\/yoast.com\/product\/yoast-seo-wordpress\/ -->\n<title>Aura Himalayan Salt 250gr Shaker - Euroni | Best Salt Factory in Kosov\u00eb<\/title>\n<meta name=\"robots\" content=\"index, follow, max-snippet:-1, max-image-preview:large, max-video-preview:-1\" \/>\n<link rel=\"canonical\" href=\"https:\/\/euroni-ks.com\/sq\/produkt\/aura-himalayan-salt-250gr-shaker\/\" \/>\n<meta property=\"og:locale\" content=\"sq_AL\" \/>\n<meta property=\"og:type\" content=\"article\" \/>\n<meta property=\"og:title\" content=\"Aura Himalayan Salt 250gr Shaker - Euroni | Best Salt Factory in Kosov\u00eb\" \/>\n<meta property=\"og:description\" content=\"Extracted from the depth of the Himalayan mountains, Aura Himalayan comes in easy-to-use 250gr salt shakers.  Fine grain.  Dual opening for controlled seasoning.  Packaged by Euroni Salt L.L.C.  &nbsp;\" \/>\n<meta property=\"og:url\" content=\"https:\/\/euroni-ks.com\/sq\/produkt\/aura-himalayan-salt-250gr-shaker\/\" \/>\n<meta property=\"og:site_name\" content=\"Euroni | Best Salt Factory in Kosov\u00eb\" \/>\n<meta property=\"article:publisher\" content=\"https:\/\/www.facebook.com\/EuroniSaltFactory\/menu\/\" \/>\n<meta property=\"article:modified_time\" content=\"2023-04-17T13:03:27+00:00\" \/>\n<meta property=\"og:image\" content=\"https:\/\/euroni-ks.com\/wp-content\/uploads\/2023\/04\/IMG_0509-1.jpg\" \/>\n\t<meta property=\"og:image:width\" content=\"910\" \/>\n\t<meta property=\"og:image:height\" content=\"910\" \/>\n\t<meta property=\"og:image:type\" content=\"image\/jpeg\" \/>\n<meta name=\"twitter:card\" content=\"summary_large_image\" \/>\n<meta name=\"twitter:label1\" content=\"Est. reading time\" \/>\n\t<meta name=\"twitter:data1\" content=\"1 minut\u00eb\" \/>\n<script type=\"application\/ld+json\" class=\"yoast-schema-graph\">{\"@context\":\"https:\\\/\\\/schema.org\",\"@graph\":[{\"@type\":\"WebPage\",\"@id\":\"https:\\\/\\\/euroni-ks.com\\\/product\\\/aura-himalayan-salt-250gr-shaker\\\/\",\"url\":\"https:\\\/\\\/euroni-ks.com\\\/product\\\/aura-himalayan-salt-250gr-shaker\\\/\",\"name\":\"Aura Himalayan Salt 250gr Shaker - Euroni | Best Salt Factory in Kosov\u00eb\",\"isPartOf\":{\"@id\":\"https:\\\/\\\/euroni-ks.com\\\/#website\"},\"primaryImageOfPage\":{\"@id\":\"https:\\\/\\\/euroni-ks.com\\\/product\\\/aura-himalayan-salt-250gr-shaker\\\/#primaryimage\"},\"image\":{\"@id\":\"https:\\\/\\\/euroni-ks.com\\\/product\\\/aura-himalayan-salt-250gr-shaker\\\/#primaryimage\"},\"thumbnailUrl\":\"https:\\\/\\\/euroni-ks.com\\\/wp-content\\\/uploads\\\/2023\\\/04\\\/IMG_0509-1.jpg\",\"datePublished\":\"2023-04-17T10:19:53+00:00\",\"dateModified\":\"2023-04-17T13:03:27+00:00\",\"breadcrumb\":{\"@id\":\"https:\\\/\\\/euroni-ks.com\\\/product\\\/aura-himalayan-salt-250gr-shaker\\\/#breadcrumb\"},\"inLanguage\":\"sq\",\"potentialAction\":[{\"@type\":\"ReadAction\",\"target\":[\"https:\\\/\\\/euroni-ks.com\\\/product\\\/aura-himalayan-salt-250gr-shaker\\\/\"]}]},{\"@type\":\"ImageObject\",\"inLanguage\":\"sq\",\"@id\":\"https:\\\/\\\/euroni-ks.com\\\/product\\\/aura-himalayan-salt-250gr-shaker\\\/#primaryimage\",\"url\":\"https:\\\/\\\/euroni-ks.com\\\/wp-content\\\/uploads\\\/2023\\\/04\\\/IMG_0509-1.jpg\",\"contentUrl\":\"https:\\\/\\\/euroni-ks.com\\\/wp-content\\\/uploads\\\/2023\\\/04\\\/IMG_0509-1.jpg\",\"width\":910,\"height\":910},{\"@type\":\"BreadcrumbList\",\"@id\":\"https:\\\/\\\/euroni-ks.com\\\/product\\\/aura-himalayan-salt-250gr-shaker\\\/#breadcrumb\",\"itemListElement\":[{\"@type\":\"ListItem\",\"position\":1,\"name\":\"Home\",\"item\":\"https:\\\/\\\/euroni-ks.com\\\/\"},{\"@type\":\"ListItem\",\"position\":2,\"name\":\"Products\",\"item\":\"https:\\\/\\\/euroni-ks.com\\\/shop\\\/\"},{\"@type\":\"ListItem\",\"position\":3,\"name\":\"Aura Himalayan Salt 250gr Shaker\"}]},{\"@type\":\"WebSite\",\"@id\":\"https:\\\/\\\/euroni-ks.com\\\/#website\",\"url\":\"https:\\\/\\\/euroni-ks.com\\\/\",\"name\":\"Euroni | Best Salt Factory in Kosov\u00eb\",\"description\":\"Euroni: Pure Salt, Crafted with Excellence in the Heart of Kosov\u00eb\",\"publisher\":{\"@id\":\"https:\\\/\\\/euroni-ks.com\\\/#organization\"},\"potentialAction\":[{\"@type\":\"SearchAction\",\"target\":{\"@type\":\"EntryPoint\",\"urlTemplate\":\"https:\\\/\\\/euroni-ks.com\\\/?s={search_term_string}\"},\"query-input\":{\"@type\":\"PropertyValueSpecification\",\"valueRequired\":true,\"valueName\":\"search_term_string\"}}],\"inLanguage\":\"sq\"},{\"@type\":\"Organization\",\"@id\":\"https:\\\/\\\/euroni-ks.com\\\/#organization\",\"name\":\"Euroni | Best Salt Factory in Kosov\u00eb\",\"url\":\"https:\\\/\\\/euroni-ks.com\\\/\",\"logo\":{\"@type\":\"ImageObject\",\"inLanguage\":\"sq\",\"@id\":\"https:\\\/\\\/euroni-ks.com\\\/#\\\/schema\\\/logo\\\/image\\\/\",\"url\":\"https:\\\/\\\/euroni-ks.com\\\/wp-content\\\/uploads\\\/2023\\\/04\\\/euroni_logo.png\",\"contentUrl\":\"https:\\\/\\\/euroni-ks.com\\\/wp-content\\\/uploads\\\/2023\\\/04\\\/euroni_logo.png\",\"width\":302,\"height\":100,\"caption\":\"Euroni | Best Salt Factory in Kosov\u00eb\"},\"image\":{\"@id\":\"https:\\\/\\\/euroni-ks.com\\\/#\\\/schema\\\/logo\\\/image\\\/\"},\"sameAs\":[\"https:\\\/\\\/www.facebook.com\\\/EuroniSaltFactory\\\/menu\\\/\"]}]}<\/script>\n<!-- \/ Yoast SEO plugin. -->","yoast_head_json":{"title":"Aura Himalayan Salt 250gr Shaker - Euroni | Best Salt Factory in Kosov\u00eb","robots":{"index":"index","follow":"follow","max-snippet":"max-snippet:-1","max-image-preview":"max-image-preview:large","max-video-preview":"max-video-preview:-1"},"canonical":"https:\/\/euroni-ks.com\/sq\/produkt\/aura-himalayan-salt-250gr-shaker\/","og_locale":"sq_AL","og_type":"article","og_title":"Aura Himalayan Salt 250gr Shaker - Euroni | Best Salt Factory in Kosov\u00eb","og_description":"Extracted from the depth of the Himalayan mountains, Aura Himalayan comes in easy-to-use 250gr salt shakers.  Fine grain.  Dual opening for controlled seasoning.  Packaged by Euroni Salt L.L.C.  &nbsp;","og_url":"https:\/\/euroni-ks.com\/sq\/produkt\/aura-himalayan-salt-250gr-shaker\/","og_site_name":"Euroni | Best Salt Factory in Kosov\u00eb","article_publisher":"https:\/\/www.facebook.com\/EuroniSaltFactory\/menu\/","article_modified_time":"2023-04-17T13:03:27+00:00","og_image":[{"width":910,"height":910,"url":"https:\/\/euroni-ks.com\/wp-content\/uploads\/2023\/04\/IMG_0509-1.jpg","type":"image\/jpeg"}],"twitter_card":"summary_large_image","twitter_misc":{"Est. reading time":"1 minut\u00eb"},"schema":{"@context":"https:\/\/schema.org","@graph":[{"@type":"WebPage","@id":"https:\/\/euroni-ks.com\/product\/aura-himalayan-salt-250gr-shaker\/","url":"https:\/\/euroni-ks.com\/product\/aura-himalayan-salt-250gr-shaker\/","name":"Aura Himalayan Salt 250gr Shaker - Euroni | Best Salt Factory in Kosov\u00eb","isPartOf":{"@id":"https:\/\/euroni-ks.com\/#website"},"primaryImageOfPage":{"@id":"https:\/\/euroni-ks.com\/product\/aura-himalayan-salt-250gr-shaker\/#primaryimage"},"image":{"@id":"https:\/\/euroni-ks.com\/product\/aura-himalayan-salt-250gr-shaker\/#primaryimage"},"thumbnailUrl":"https:\/\/euroni-ks.com\/wp-content\/uploads\/2023\/04\/IMG_0509-1.jpg","datePublished":"2023-04-17T10:19:53+00:00","dateModified":"2023-04-17T13:03:27+00:00","breadcrumb":{"@id":"https:\/\/euroni-ks.com\/product\/aura-himalayan-salt-250gr-shaker\/#breadcrumb"},"inLanguage":"sq","potentialAction":[{"@type":"ReadAction","target":["https:\/\/euroni-ks.com\/product\/aura-himalayan-salt-250gr-shaker\/"]}]},{"@type":"ImageObject","inLanguage":"sq","@id":"https:\/\/euroni-ks.com\/product\/aura-himalayan-salt-250gr-shaker\/#primaryimage","url":"https:\/\/euroni-ks.com\/wp-content\/uploads\/2023\/04\/IMG_0509-1.jpg","contentUrl":"https:\/\/euroni-ks.com\/wp-content\/uploads\/2023\/04\/IMG_0509-1.jpg","width":910,"height":910},{"@type":"BreadcrumbList","@id":"https:\/\/euroni-ks.com\/product\/aura-himalayan-salt-250gr-shaker\/#breadcrumb","itemListElement":[{"@type":"ListItem","position":1,"name":"Home","item":"https:\/\/euroni-ks.com\/"},{"@type":"ListItem","position":2,"name":"Products","item":"https:\/\/euroni-ks.com\/shop\/"},{"@type":"ListItem","position":3,"name":"Aura Himalayan Salt 250gr Shaker"}]},{"@type":"WebSite","@id":"https:\/\/euroni-ks.com\/#website","url":"https:\/\/euroni-ks.com\/","name":"Shkoni n\u00eb Euroni | Fabrika m\u00eb e mir\u00eb e krip\u00ebs n\u00eb Kosov\u00eb.","description":"Euroni: Pure Salt, Crafted with Excellence in the Heart of Kosov\u00eb","publisher":{"@id":"https:\/\/euroni-ks.com\/#organization"},"potentialAction":[{"@type":"SearchAction","target":{"@type":"EntryPoint","urlTemplate":"https:\/\/euroni-ks.com\/?s={search_term_string}"},"query-input":{"@type":"PropertyValueSpecification","valueRequired":true,"valueName":"search_term_string"}}],"inLanguage":"sq"},{"@type":"Organization","@id":"https:\/\/euroni-ks.com\/#organization","name":"Shkoni n\u00eb Euroni | Fabrika m\u00eb e mir\u00eb e krip\u00ebs n\u00eb Kosov\u00eb.","url":"https:\/\/euroni-ks.com\/","logo":{"@type":"ImageObject","inLanguage":"sq","@id":"https:\/\/euroni-ks.com\/#\/schema\/logo\/image\/","url":"https:\/\/euroni-ks.com\/wp-content\/uploads\/2023\/04\/euroni_logo.png","contentUrl":"https:\/\/euroni-ks.com\/wp-content\/uploads\/2023\/04\/euroni_logo.png","width":302,"height":100,"caption":"Euroni | Best Salt Factory in Kosov\u00eb"},"image":{"@id":"https:\/\/euroni-ks.com\/#\/schema\/logo\/image\/"},"sameAs":["https:\/\/www.facebook.com\/EuroniSaltFactory\/menu\/"]}]}},"_links":{"self":[{"href":"https:\/\/euroni-ks.com\/sq\/wp-json\/wp\/v2\/product\/13927","targetHints":{"allow":["GET"]}}],"collection":[{"href":"https:\/\/euroni-ks.com\/sq\/wp-json\/wp\/v2\/product"}],"about":[{"href":"https:\/\/euroni-ks.com\/sq\/wp-json\/wp\/v2\/types\/product"}],"wp:featuredmedia":[{"embeddable":true,"href":"https:\/\/euroni-ks.com\/sq\/wp-json\/wp\/v2\/media\/13886"}],"wp:attachment":[{"href":"https:\/\/euroni-ks.com\/sq\/wp-json\/wp\/v2\/media?parent=13927"}],"wp:term":[{"taxonomy":"product_brand","embeddable":true,"href":"https:\/\/euroni-ks.com\/sq\/wp-json\/wp\/v2\/product_brand?post=13927"},{"taxonomy":"product_cat","embeddable":true,"href":"https:\/\/euroni-ks.com\/sq\/wp-json\/wp\/v2\/product_cat?post=13927"},{"taxonomy":"product_tag","embeddable":true,"href":"https:\/\/euroni-ks.com\/sq\/wp-json\/wp\/v2\/product_tag?post=13927"}],"curies":[{"name":"wp","href":"https:\/\/api.w.org\/{rel}","templated":true}]}}