{"id":13912,"date":"2023-04-17T09:38:13","date_gmt":"2023-04-17T09:38:13","guid":{"rendered":"https:\/\/euroni-ks.com\/?post_type=product&#038;p=13912"},"modified":"2023-04-25T08:17:33","modified_gmt":"2023-04-25T08:17:33","slug":"salinen-austria-250gr-salt-shaker","status":"publish","type":"product","link":"https:\/\/euroni-ks.com\/sq\/produkt\/salinen-austria-250gr-salt-shaker\/","title":{"rendered":"Krip\u00eb Salinen Austria n\u00eb shishe plastike 250gr"},"content":{"rendered":"<p>Transparent Salt Shaker filled with the highest quality Vacuum Rock salt.<\/p>\n<p>Dual Cap Opening for controlled seasoning.<\/p>\n<p>Paketuar nga Euroni Salt L.L.C.<\/p>","protected":false},"excerpt":{"rendered":"<p>Transparent Salt Shaker filled with the highest quality Vacuum Rock salt.<\/p>\n<p>Dual Cap Opening for controlled seasoning.<\/p>\n<p>Paketuar nga Euroni Salt L.L.C.<\/p>","protected":false},"featured_media":13885,"template":"","meta":{"inline_featured_image":false},"product_brand":[],"product_cat":[77],"product_tag":[],"class_list":{"0":"post-13912","1":"product","2":"type-product","3":"status-publish","4":"has-post-thumbnail","6":"product_cat-vacuum-rock-salt","8":"first","9":"instock","10":"shipping-taxable","11":"product-type-simple"},"yoast_head":"<!-- This site is optimized with the Yoast SEO plugin v27.3 - https:\/\/yoast.com\/product\/yoast-seo-wordpress\/ -->\n<title>Salinen Austria 250gr Salt Shaker - Euroni | Best Salt Factory in Kosov\u00eb<\/title>\n<meta name=\"robots\" content=\"index, follow, max-snippet:-1, max-image-preview:large, max-video-preview:-1\" \/>\n<link rel=\"canonical\" href=\"https:\/\/euroni-ks.com\/sq\/produkt\/salinen-austria-250gr-salt-shaker\/\" \/>\n<meta property=\"og:locale\" content=\"sq_AL\" \/>\n<meta property=\"og:type\" content=\"article\" \/>\n<meta property=\"og:title\" content=\"Salinen Austria 250gr Salt Shaker - Euroni | Best Salt Factory in Kosov\u00eb\" \/>\n<meta property=\"og:description\" content=\"Transparent Salt Shaker filled with the highest quality Vacuum Rock salt.  Dual Cap Opening for controlled seasoning.  Packaged by Euroni Salt L.L.C.\" \/>\n<meta property=\"og:url\" content=\"https:\/\/euroni-ks.com\/sq\/produkt\/salinen-austria-250gr-salt-shaker\/\" \/>\n<meta property=\"og:site_name\" content=\"Euroni | Best Salt Factory in Kosov\u00eb\" \/>\n<meta property=\"article:publisher\" content=\"https:\/\/www.facebook.com\/EuroniSaltFactory\/menu\/\" \/>\n<meta property=\"article:modified_time\" content=\"2023-04-25T08:17:33+00:00\" \/>\n<meta property=\"og:image\" content=\"https:\/\/euroni-ks.com\/wp-content\/uploads\/2023\/04\/IMG_0508-1-1.jpg\" \/>\n\t<meta property=\"og:image:width\" content=\"915\" \/>\n\t<meta property=\"og:image:height\" content=\"915\" \/>\n\t<meta property=\"og:image:type\" content=\"image\/jpeg\" \/>\n<meta name=\"twitter:card\" content=\"summary_large_image\" \/>\n<meta name=\"twitter:label1\" content=\"Est. reading time\" \/>\n\t<meta name=\"twitter:data1\" content=\"1 minut\u00eb\" \/>\n<script type=\"application\/ld+json\" class=\"yoast-schema-graph\">{\"@context\":\"https:\\\/\\\/schema.org\",\"@graph\":[{\"@type\":\"WebPage\",\"@id\":\"https:\\\/\\\/euroni-ks.com\\\/product\\\/salinen-austria-250gr-salt-shaker\\\/\",\"url\":\"https:\\\/\\\/euroni-ks.com\\\/product\\\/salinen-austria-250gr-salt-shaker\\\/\",\"name\":\"Salinen Austria 250gr Salt Shaker - Euroni | Best Salt Factory in Kosov\u00eb\",\"isPartOf\":{\"@id\":\"https:\\\/\\\/euroni-ks.com\\\/#website\"},\"primaryImageOfPage\":{\"@id\":\"https:\\\/\\\/euroni-ks.com\\\/product\\\/salinen-austria-250gr-salt-shaker\\\/#primaryimage\"},\"image\":{\"@id\":\"https:\\\/\\\/euroni-ks.com\\\/product\\\/salinen-austria-250gr-salt-shaker\\\/#primaryimage\"},\"thumbnailUrl\":\"https:\\\/\\\/euroni-ks.com\\\/wp-content\\\/uploads\\\/2023\\\/04\\\/IMG_0508-1-1.jpg\",\"datePublished\":\"2023-04-17T09:38:13+00:00\",\"dateModified\":\"2023-04-25T08:17:33+00:00\",\"breadcrumb\":{\"@id\":\"https:\\\/\\\/euroni-ks.com\\\/product\\\/salinen-austria-250gr-salt-shaker\\\/#breadcrumb\"},\"inLanguage\":\"sq\",\"potentialAction\":[{\"@type\":\"ReadAction\",\"target\":[\"https:\\\/\\\/euroni-ks.com\\\/product\\\/salinen-austria-250gr-salt-shaker\\\/\"]}]},{\"@type\":\"ImageObject\",\"inLanguage\":\"sq\",\"@id\":\"https:\\\/\\\/euroni-ks.com\\\/product\\\/salinen-austria-250gr-salt-shaker\\\/#primaryimage\",\"url\":\"https:\\\/\\\/euroni-ks.com\\\/wp-content\\\/uploads\\\/2023\\\/04\\\/IMG_0508-1-1.jpg\",\"contentUrl\":\"https:\\\/\\\/euroni-ks.com\\\/wp-content\\\/uploads\\\/2023\\\/04\\\/IMG_0508-1-1.jpg\",\"width\":915,\"height\":915},{\"@type\":\"BreadcrumbList\",\"@id\":\"https:\\\/\\\/euroni-ks.com\\\/product\\\/salinen-austria-250gr-salt-shaker\\\/#breadcrumb\",\"itemListElement\":[{\"@type\":\"ListItem\",\"position\":1,\"name\":\"Home\",\"item\":\"https:\\\/\\\/euroni-ks.com\\\/\"},{\"@type\":\"ListItem\",\"position\":2,\"name\":\"Products\",\"item\":\"https:\\\/\\\/euroni-ks.com\\\/shop\\\/\"},{\"@type\":\"ListItem\",\"position\":3,\"name\":\"Salinen Austria 250gr Salt Shaker\"}]},{\"@type\":\"WebSite\",\"@id\":\"https:\\\/\\\/euroni-ks.com\\\/#website\",\"url\":\"https:\\\/\\\/euroni-ks.com\\\/\",\"name\":\"Euroni | Best Salt Factory in Kosov\u00eb\",\"description\":\"Euroni: Pure Salt, Crafted with Excellence in the Heart of Kosov\u00eb\",\"publisher\":{\"@id\":\"https:\\\/\\\/euroni-ks.com\\\/#organization\"},\"potentialAction\":[{\"@type\":\"SearchAction\",\"target\":{\"@type\":\"EntryPoint\",\"urlTemplate\":\"https:\\\/\\\/euroni-ks.com\\\/?s={search_term_string}\"},\"query-input\":{\"@type\":\"PropertyValueSpecification\",\"valueRequired\":true,\"valueName\":\"search_term_string\"}}],\"inLanguage\":\"sq\"},{\"@type\":\"Organization\",\"@id\":\"https:\\\/\\\/euroni-ks.com\\\/#organization\",\"name\":\"Euroni | Best Salt Factory in Kosov\u00eb\",\"url\":\"https:\\\/\\\/euroni-ks.com\\\/\",\"logo\":{\"@type\":\"ImageObject\",\"inLanguage\":\"sq\",\"@id\":\"https:\\\/\\\/euroni-ks.com\\\/#\\\/schema\\\/logo\\\/image\\\/\",\"url\":\"https:\\\/\\\/euroni-ks.com\\\/wp-content\\\/uploads\\\/2023\\\/04\\\/euroni_logo.png\",\"contentUrl\":\"https:\\\/\\\/euroni-ks.com\\\/wp-content\\\/uploads\\\/2023\\\/04\\\/euroni_logo.png\",\"width\":302,\"height\":100,\"caption\":\"Euroni | Best Salt Factory in Kosov\u00eb\"},\"image\":{\"@id\":\"https:\\\/\\\/euroni-ks.com\\\/#\\\/schema\\\/logo\\\/image\\\/\"},\"sameAs\":[\"https:\\\/\\\/www.facebook.com\\\/EuroniSaltFactory\\\/menu\\\/\"]}]}<\/script>\n<!-- \/ Yoast SEO plugin. -->","yoast_head_json":{"title":"Salinen Austria 250gr Salt Shaker - Euroni | Best Salt Factory in Kosov\u00eb","robots":{"index":"index","follow":"follow","max-snippet":"max-snippet:-1","max-image-preview":"max-image-preview:large","max-video-preview":"max-video-preview:-1"},"canonical":"https:\/\/euroni-ks.com\/sq\/produkt\/salinen-austria-250gr-salt-shaker\/","og_locale":"sq_AL","og_type":"article","og_title":"Salinen Austria 250gr Salt Shaker - Euroni | Best Salt Factory in Kosov\u00eb","og_description":"Transparent Salt Shaker filled with the highest quality Vacuum Rock salt.  Dual Cap Opening for controlled seasoning.  Packaged by Euroni Salt L.L.C.","og_url":"https:\/\/euroni-ks.com\/sq\/produkt\/salinen-austria-250gr-salt-shaker\/","og_site_name":"Euroni | Best Salt Factory in Kosov\u00eb","article_publisher":"https:\/\/www.facebook.com\/EuroniSaltFactory\/menu\/","article_modified_time":"2023-04-25T08:17:33+00:00","og_image":[{"width":915,"height":915,"url":"https:\/\/euroni-ks.com\/wp-content\/uploads\/2023\/04\/IMG_0508-1-1.jpg","type":"image\/jpeg"}],"twitter_card":"summary_large_image","twitter_misc":{"Est. reading time":"1 minut\u00eb"},"schema":{"@context":"https:\/\/schema.org","@graph":[{"@type":"WebPage","@id":"https:\/\/euroni-ks.com\/product\/salinen-austria-250gr-salt-shaker\/","url":"https:\/\/euroni-ks.com\/product\/salinen-austria-250gr-salt-shaker\/","name":"Salinen Austria 250gr Salt Shaker - Euroni | Best Salt Factory in Kosov\u00eb","isPartOf":{"@id":"https:\/\/euroni-ks.com\/#website"},"primaryImageOfPage":{"@id":"https:\/\/euroni-ks.com\/product\/salinen-austria-250gr-salt-shaker\/#primaryimage"},"image":{"@id":"https:\/\/euroni-ks.com\/product\/salinen-austria-250gr-salt-shaker\/#primaryimage"},"thumbnailUrl":"https:\/\/euroni-ks.com\/wp-content\/uploads\/2023\/04\/IMG_0508-1-1.jpg","datePublished":"2023-04-17T09:38:13+00:00","dateModified":"2023-04-25T08:17:33+00:00","breadcrumb":{"@id":"https:\/\/euroni-ks.com\/product\/salinen-austria-250gr-salt-shaker\/#breadcrumb"},"inLanguage":"sq","potentialAction":[{"@type":"ReadAction","target":["https:\/\/euroni-ks.com\/product\/salinen-austria-250gr-salt-shaker\/"]}]},{"@type":"ImageObject","inLanguage":"sq","@id":"https:\/\/euroni-ks.com\/product\/salinen-austria-250gr-salt-shaker\/#primaryimage","url":"https:\/\/euroni-ks.com\/wp-content\/uploads\/2023\/04\/IMG_0508-1-1.jpg","contentUrl":"https:\/\/euroni-ks.com\/wp-content\/uploads\/2023\/04\/IMG_0508-1-1.jpg","width":915,"height":915},{"@type":"BreadcrumbList","@id":"https:\/\/euroni-ks.com\/product\/salinen-austria-250gr-salt-shaker\/#breadcrumb","itemListElement":[{"@type":"ListItem","position":1,"name":"Home","item":"https:\/\/euroni-ks.com\/"},{"@type":"ListItem","position":2,"name":"Products","item":"https:\/\/euroni-ks.com\/shop\/"},{"@type":"ListItem","position":3,"name":"Salinen Austria 250gr Salt Shaker"}]},{"@type":"WebSite","@id":"https:\/\/euroni-ks.com\/#website","url":"https:\/\/euroni-ks.com\/","name":"Shkoni n\u00eb Euroni | Fabrika m\u00eb e mir\u00eb e krip\u00ebs n\u00eb Kosov\u00eb.","description":"Euroni: Pure Salt, Crafted with Excellence in the Heart of Kosov\u00eb","publisher":{"@id":"https:\/\/euroni-ks.com\/#organization"},"potentialAction":[{"@type":"SearchAction","target":{"@type":"EntryPoint","urlTemplate":"https:\/\/euroni-ks.com\/?s={search_term_string}"},"query-input":{"@type":"PropertyValueSpecification","valueRequired":true,"valueName":"search_term_string"}}],"inLanguage":"sq"},{"@type":"Organization","@id":"https:\/\/euroni-ks.com\/#organization","name":"Shkoni n\u00eb Euroni | Fabrika m\u00eb e mir\u00eb e krip\u00ebs n\u00eb Kosov\u00eb.","url":"https:\/\/euroni-ks.com\/","logo":{"@type":"ImageObject","inLanguage":"sq","@id":"https:\/\/euroni-ks.com\/#\/schema\/logo\/image\/","url":"https:\/\/euroni-ks.com\/wp-content\/uploads\/2023\/04\/euroni_logo.png","contentUrl":"https:\/\/euroni-ks.com\/wp-content\/uploads\/2023\/04\/euroni_logo.png","width":302,"height":100,"caption":"Euroni | Best Salt Factory in Kosov\u00eb"},"image":{"@id":"https:\/\/euroni-ks.com\/#\/schema\/logo\/image\/"},"sameAs":["https:\/\/www.facebook.com\/EuroniSaltFactory\/menu\/"]}]}},"_links":{"self":[{"href":"https:\/\/euroni-ks.com\/sq\/wp-json\/wp\/v2\/product\/13912","targetHints":{"allow":["GET"]}}],"collection":[{"href":"https:\/\/euroni-ks.com\/sq\/wp-json\/wp\/v2\/product"}],"about":[{"href":"https:\/\/euroni-ks.com\/sq\/wp-json\/wp\/v2\/types\/product"}],"wp:featuredmedia":[{"embeddable":true,"href":"https:\/\/euroni-ks.com\/sq\/wp-json\/wp\/v2\/media\/13885"}],"wp:attachment":[{"href":"https:\/\/euroni-ks.com\/sq\/wp-json\/wp\/v2\/media?parent=13912"}],"wp:term":[{"taxonomy":"product_brand","embeddable":true,"href":"https:\/\/euroni-ks.com\/sq\/wp-json\/wp\/v2\/product_brand?post=13912"},{"taxonomy":"product_cat","embeddable":true,"href":"https:\/\/euroni-ks.com\/sq\/wp-json\/wp\/v2\/product_cat?post=13912"},{"taxonomy":"product_tag","embeddable":true,"href":"https:\/\/euroni-ks.com\/sq\/wp-json\/wp\/v2\/product_tag?post=13912"}],"curies":[{"name":"wp","href":"https:\/\/api.w.org\/{rel}","templated":true}]}}